{"id":941,"date":"2025-02-17T16:17:48","date_gmt":"2025-02-17T16:17:48","guid":{"rendered":"https:\/\/medicalextractos.com\/2024_nueva\/?page_id=941"},"modified":"2025-03-14T17:39:18","modified_gmt":"2025-03-14T17:39:18","slug":"expomedeweed-2","status":"publish","type":"page","link":"https:\/\/medicalextractos.com\/2024_nueva\/expomedeweed-2\/","title":{"rendered":"EXPOMEDEWEED"},"content":{"rendered":"<p>[et_pb_section fb_built=\u00bb1&#8243; _builder_version=\u00bb4.27.2&#8243; _module_preset=\u00bbdefault\u00bb background_color=\u00bb#48b3da\u00bb background_image=\u00bbhttps:\/\/medicalextractos.com\/2024_nueva\/wp-content\/uploads\/2025\/03\/banner-expomedeweed-medical-extractos.png\u00bb background_blend=\u00bbmultiply\u00bb custom_padding=\u00bb160px||160px||true|false\u00bb hover_enabled=\u00bb0&#8243; global_colors_info=\u00bb{}\u00bb theme_builder_area=\u00bbpost_content\u00bb title_text=\u00bbbanner-expomedeweed-medical-extractos\u00bb sticky_enabled=\u00bb0&#8243;][et_pb_row _builder_version=\u00bb4.23.4&#8243; _module_preset=\u00bbdefault\u00bb global_colors_info=\u00bb{}\u00bb theme_builder_area=\u00bbpost_content\u00bb][et_pb_column type=\u00bb4_4&#8243; _builder_version=\u00bb4.23.4&#8243; _module_preset=\u00bbdefault\u00bb global_colors_info=\u00bb{}\u00bb theme_builder_area=\u00bbpost_content\u00bb][et_pb_text _builder_version=\u00bb4.27.2&#8243; _module_preset=\u00bbdefault\u00bb text_font=\u00bb|800|||||||\u00bb text_text_color=\u00bb#FFFFFF\u00bb text_font_size=\u00bb60px\u00bb text_line_height=\u00bb1.9em\u00bb custom_margin=\u00bb||-2px|||\u00bb global_colors_info=\u00bb{}\u00bb theme_builder_area=\u00bbpost_content\u00bb]<\/p>\n<p style=\"text-align: center;\">EXPOMEDEWEED<\/p>\n<p>[\/et_pb_text][\/et_pb_column][\/et_pb_row][\/et_pb_section][et_pb_section fb_built=\u00bb1&#8243; admin_label=\u00bbAbout\u00bb _builder_version=\u00bb4.23.4&#8243; _module_preset=\u00bbdefault\u00bb custom_padding=\u00bb67px||27px|||\u00bb collapsed=\u00bbon\u00bb global_colors_info=\u00bb{}\u00bb][et_pb_row column_structure=\u00bb2_3,1_3&#8243; _builder_version=\u00bb4.27.2&#8243; _module_preset=\u00bbdefault\u00bb custom_padding=\u00bb||4px|||\u00bb global_colors_info=\u00bb{}\u00bb][et_pb_column type=\u00bb2_3&#8243; _builder_version=\u00bb4.23.1&#8243; _module_preset=\u00bbdefault\u00bb global_colors_info=\u00bb{}\u00bb][et_pb_text _builder_version=\u00bb4.27.2&#8243; _module_preset=\u00bbdefault\u00bb text_font=\u00bb|800|||||||\u00bb text_text_color=\u00bb#48b3da\u00bb text_font_size=\u00bb20px\u00bb custom_margin=\u00bb||14px|||\u00bb global_colors_info=\u00bb{}\u00bb]<\/p>\n<p>ALIADO COLOMBIA<\/p>\n<p>[\/et_pb_text][et_pb_text _builder_version=\u00bb4.27.2&#8243; _module_preset=\u00bbdefault\u00bb text_font=\u00bb|800|||||||\u00bb text_text_color=\u00bb#000000&#8243; text_font_size=\u00bb35px\u00bb text_line_height=\u00bb1em\u00bb custom_margin=\u00bb-8px|||||\u00bb global_colors_info=\u00bb{}\u00bb]<\/p>\n<div class=\"et_pb_module et_pb_text et_pb_text_2  et_pb_text_align_left et_pb_bg_layout_light\">\n<div class=\"et_pb_text_inner\">\n<p>EXPOMEDEWEED<\/p>\n<\/div>\n<\/div>\n<div class=\"et_pb_module et_pb_text et_pb_text_3  et_pb_text_align_justified et_pb_bg_layout_light\">\n<div class=\"et_pb_text_inner\"><\/div>\n<\/div>\n<p>[\/et_pb_text][et_pb_text _builder_version=\u00bb4.27.2&#8243; _module_preset=\u00bbdefault\u00bb text_font=\u00bb||||||||\u00bb text_text_color=\u00bb#000000&#8243; text_font_size=\u00bb18px\u00bb text_orientation=\u00bbjustified\u00bb custom_margin=\u00bb1px||14px|||\u00bb global_colors_info=\u00bb{}\u00bb]<\/p>\n<p>EXPOMEDEWEED es la feria internacional de cannabis medicinal m\u00e1s grande e importante de Latino Am\u00e9rica. Un evento de alto nivel, con el profesionalismo, el posicionamiento y la experiencia, que a\u00f1o tras a\u00f1o nos ha permitido la construcci\u00f3n de nuevas perspectivas sobre el cannabis, esta feria es una plataforma especializada de negocios de cannabis, donde las empresas de la industria se dan cita para mostrar sus productos, hacer transferencia de tecnolog\u00eda y conocimiento, hablar de sus desarrollos e investigaciones, cerrar ventas, proponer proyectos y ofrecernos el mejor ambiente ejecutivo para explotar todo el potencial medicinal, industrial y cient\u00edfico del cannabis.<\/p>\n<p>ExpoMedeWeed cuenta con el beneficio \u00fanico de una ZONA FRANCA TRANSITORIA, no existe ninguna otra feria o evento sobre cannabis en Colombia con un desarrollo de zona franca. Esto significa oportunidades enormes para intercambio de conocimiento, presentaci\u00f3n de muestras y equipos sin tener que realizar importaciones definitivas ni temporales, mientras vengan direccionadas a EXPOMEDEWEED, con fines promocionales o publicitarios. A ninguno de los equipos y productos que lleguen de otros lugares del mundo y est\u00e9n en la Feria, se les causar\u00e1 ni impuestos ni IVA, para que puedan ser exhibidos, o para que el material publicitario pueda ser obsequiado.<\/p>\n<p><em><strong>RUEDA DE NEGOCIOS B2B<\/strong><\/em>, es una integraci\u00f3n comercial, un espacio de reuniones planificadas entre los diferentes empresarios participantes, donde se promueven los contactos entre ellos, las instituciones y las organizaciones. Durante todo el d\u00eda, estos empresarios hacen negocios, alianzas estrat\u00e9gicas e intercambiar\u00e1n conocimiento en torno a proyectos espec\u00edficos o desarrollo de sus ofertas, que les permitan llegar a acuerdos para conocer a la competencia y tener oportunidades de compra y\/o de venta de productos, servicios o procesos.<\/p>\n<p>[\/et_pb_text][\/et_pb_column][et_pb_column type=\u00bb1_3&#8243; _builder_version=\u00bb4.23.1&#8243; _module_preset=\u00bbdefault\u00bb global_colors_info=\u00bb{}\u00bb][et_pb_image src=\u00bbhttps:\/\/medicalextractos.com\/2024_nueva\/wp-content\/uploads\/2025\/01\/EXPOMEDEWEED.jpg\u00bb title_text=\u00bbEXPOMEDEWEED\u00bb align=\u00bbcenter\u00bb _builder_version=\u00bb4.27.2&#8243; _module_preset=\u00bbdefault\u00bb width_tablet=\u00bb38%\u00bb width_phone=\u00bb65%\u00bb width_last_edited=\u00bbon|desktop\u00bb global_colors_info=\u00bb{}\u00bb][\/et_pb_image][et_pb_button button_url=\u00bbhttps:\/\/www.expomedeweed.com\/\u00bb button_text=\u00bbIr al sitio web\u00bb button_alignment=\u00bbcenter\u00bb _builder_version=\u00bb4.27.2&#8243; _module_preset=\u00bbdefault\u00bb custom_button=\u00bbon\u00bb button_text_color=\u00bb#FFFFFF\u00bb button_bg_color=\u00bb#48b3da\u00bb button_border_color=\u00bb#48b3da\u00bb button_border_radius=\u00bb16px\u00bb button_font=\u00bb|800|||||||\u00bb button_icon=\u00bb&#x45;||divi||400&#8243; custom_margin=\u00bb13px|||||\u00bb global_colors_info=\u00bb{}\u00bb button_bg_color__hover_enabled=\u00bbon|hover\u00bb button_bg_color__hover=\u00bb#FFFFFF\u00bb button_bg_enable_color__hover=\u00bbon\u00bb button_text_color__hover_enabled=\u00bbon|desktop\u00bb button_text_color__hover=\u00bb#48b3da\u00bb][\/et_pb_button][\/et_pb_column][\/et_pb_row][\/et_pb_section][et_pb_section fb_built=\u00bb1&#8243; _builder_version=\u00bb4.27.2&#8243; _module_preset=\u00bbdefault\u00bb custom_padding=\u00bb32px||4px|||\u00bb global_colors_info=\u00bb{}\u00bb][et_pb_row _builder_version=\u00bb4.27.2&#8243; _module_preset=\u00bbdefault\u00bb global_colors_info=\u00bb{}\u00bb][et_pb_column type=\u00bb4_4&#8243; _builder_version=\u00bb4.27.2&#8243; _module_preset=\u00bbdefault\u00bb global_colors_info=\u00bb{}\u00bb][et_pb_divider color=\u00bb#48b3da\u00bb divider_style=\u00bbdashed\u00bb divider_weight=\u00bb2px\u00bb _builder_version=\u00bb4.27.2&#8243; _module_preset=\u00bbdefault\u00bb global_colors_info=\u00bb{}\u00bb][\/et_pb_divider][\/et_pb_column][\/et_pb_row][\/et_pb_section]<\/p>\n","protected":false},"excerpt":{"rendered":"<p>EXPOMEDEWEEDALIADO COLOMBIA EXPOMEDEWEED EXPOMEDEWEED es la feria internacional de cannabis medicinal m\u00e1s grande e importante de Latino Am\u00e9rica. Un evento de alto nivel, con el profesionalismo, el posicionamiento y la experiencia, que a\u00f1o tras a\u00f1o nos ha permitido la construcci\u00f3n de nuevas perspectivas sobre el cannabis, esta feria es una plataforma especializada de negocios de [&hellip;]<\/p>\n","protected":false},"author":1,"featured_media":0,"parent":0,"menu_order":0,"comment_status":"closed","ping_status":"closed","template":"","meta":{"_et_pb_use_builder":"on","_et_pb_old_content":"","_et_gb_content_width":"","_joinchat":[],"footnotes":""},"class_list":["post-941","page","type-page","status-publish","hentry"],"_links":{"self":[{"href":"https:\/\/medicalextractos.com\/2024_nueva\/wp-json\/wp\/v2\/pages\/941","targetHints":{"allow":["GET"]}}],"collection":[{"href":"https:\/\/medicalextractos.com\/2024_nueva\/wp-json\/wp\/v2\/pages"}],"about":[{"href":"https:\/\/medicalextractos.com\/2024_nueva\/wp-json\/wp\/v2\/types\/page"}],"author":[{"embeddable":true,"href":"https:\/\/medicalextractos.com\/2024_nueva\/wp-json\/wp\/v2\/users\/1"}],"replies":[{"embeddable":true,"href":"https:\/\/medicalextractos.com\/2024_nueva\/wp-json\/wp\/v2\/comments?post=941"}],"version-history":[{"count":5,"href":"https:\/\/medicalextractos.com\/2024_nueva\/wp-json\/wp\/v2\/pages\/941\/revisions"}],"predecessor-version":[{"id":1362,"href":"https:\/\/medicalextractos.com\/2024_nueva\/wp-json\/wp\/v2\/pages\/941\/revisions\/1362"}],"wp:attachment":[{"href":"https:\/\/medicalextractos.com\/2024_nueva\/wp-json\/wp\/v2\/media?parent=941"}],"curies":[{"name":"wp","href":"https:\/\/api.w.org\/{rel}","templated":true}]}}