{"id":911,"date":"2025-02-17T15:58:27","date_gmt":"2025-02-17T15:58:27","guid":{"rendered":"https:\/\/medicalextractos.com\/2024_nueva\/?page_id=911"},"modified":"2025-03-14T17:32:42","modified_gmt":"2025-03-14T17:32:42","slug":"fundacion-muy-bien-vivir","status":"publish","type":"page","link":"https:\/\/medicalextractos.com\/2024_nueva\/fundacion-muy-bien-vivir\/","title":{"rendered":"FUNDACI\u00d3N MUY BIEN VIVIR"},"content":{"rendered":"<p>[et_pb_section fb_built=\u00bb1&#8243; _builder_version=\u00bb4.27.2&#8243; _module_preset=\u00bbdefault\u00bb background_color=\u00bb#48b3da\u00bb background_image=\u00bbhttps:\/\/medicalextractos.com\/2024_nueva\/wp-content\/uploads\/2025\/03\/banner-muy-bien-vivir-medical-extractos.jpg\u00bb background_blend=\u00bbmultiply\u00bb custom_padding=\u00bb160px||160px||true|false\u00bb global_colors_info=\u00bb{}\u00bb][et_pb_row _builder_version=\u00bb4.27.2&#8243; _module_preset=\u00bbdefault\u00bb global_colors_info=\u00bb{}\u00bb][et_pb_column type=\u00bb4_4&#8243; _builder_version=\u00bb4.23.4&#8243; _module_preset=\u00bbdefault\u00bb global_colors_info=\u00bb{}\u00bb][et_pb_text _builder_version=\u00bb4.27.2&#8243; _module_preset=\u00bbdefault\u00bb text_font=\u00bb|800|||||||\u00bb text_text_color=\u00bb#FFFFFF\u00bb text_font_size=\u00bb60px\u00bb text_line_height=\u00bb1.9em\u00bb custom_margin=\u00bb||-2px|||\u00bb global_colors_info=\u00bb{}\u00bb]<\/p>\n<p style=\"text-align: center;\">FUNDACI\u00d3N MUY BIEN VIVIR<\/p>\n<p>[\/et_pb_text][\/et_pb_column][\/et_pb_row][\/et_pb_section][et_pb_section fb_built=\u00bb1&#8243; admin_label=\u00bbAbout\u00bb _builder_version=\u00bb4.23.4&#8243; _module_preset=\u00bbdefault\u00bb custom_padding=\u00bb67px||27px|||\u00bb collapsed=\u00bbon\u00bb global_colors_info=\u00bb{}\u00bb][et_pb_row column_structure=\u00bb2_3,1_3&#8243; _builder_version=\u00bb4.27.2&#8243; _module_preset=\u00bbdefault\u00bb custom_padding=\u00bb||4px|||\u00bb global_colors_info=\u00bb{}\u00bb][et_pb_column type=\u00bb2_3&#8243; _builder_version=\u00bb4.23.1&#8243; _module_preset=\u00bbdefault\u00bb global_colors_info=\u00bb{}\u00bb][et_pb_text _builder_version=\u00bb4.27.2&#8243; _module_preset=\u00bbdefault\u00bb text_font=\u00bb|800|||||||\u00bb text_text_color=\u00bb#48b3da\u00bb text_font_size=\u00bb20px\u00bb custom_margin=\u00bb||14px|||\u00bb global_colors_info=\u00bb{}\u00bb]<\/p>\n<p>ALIADO COLOMBIA<\/p>\n<p>[\/et_pb_text][et_pb_text _builder_version=\u00bb4.27.2&#8243; _module_preset=\u00bbdefault\u00bb text_font=\u00bb|800|||||||\u00bb text_text_color=\u00bb#000000&#8243; text_font_size=\u00bb35px\u00bb text_line_height=\u00bb1em\u00bb custom_margin=\u00bb-8px|||||\u00bb global_colors_info=\u00bb{}\u00bb]<\/p>\n<div class=\"et_pb_module et_pb_text et_pb_text_2  et_pb_text_align_left et_pb_bg_layout_light\">\n<div class=\"et_pb_text_inner\">\n<p>FUNDACI\u00d3N MUY BIEN VIVIR<\/p>\n<\/div>\n<\/div>\n<div class=\"et_pb_module et_pb_text et_pb_text_3  et_pb_text_align_justified et_pb_bg_layout_light\">\n<div class=\"et_pb_text_inner\"><\/div>\n<\/div>\n<p>[\/et_pb_text][et_pb_text _builder_version=\u00bb4.27.2&#8243; _module_preset=\u00bbdefault\u00bb text_font=\u00bb||||||||\u00bb text_text_color=\u00bb#000000&#8243; text_font_size=\u00bb18px\u00bb text_orientation=\u00bbjustified\u00bb custom_margin=\u00bb1px||14px|||\u00bb global_colors_info=\u00bb{}\u00bb]<\/p>\n<p>Es una entidad sin \u00e1nimo de lucro, de propiedad de PAULA ANDREA BETANCUR S\u00c1NCHEZ y HENRY ANTONIO MU\u00d1OZ VALLEJO accionistas de MEDICAL EXTRACTOS S.A.S. que se constituye como una Fundaci\u00f3n de tipo no gubernamental de tipo Social, que agrupa principalmente a mujeres cuidadoras de personas con la enfermedad de Alzheimer, persigue fines de inter\u00e9s, utilidad com\u00fan y beneficencia, y muy especialmente el mejoramiento de la calidad de vida de la sociedad en general, por medio de actividades sociales, comunitarias, econ\u00f3micas y comerciales con el objetivo de favorecer los intereses de madres cabezas de hogar del municipio de Yarumal, Antioquia; cuidadoras de personas, sean familiares o no, con Alzheimer y enfermedades asociadas. <em><strong><a href=\"https:\/\/www.facebook.com\/watch\/?v=618425325639943\"><span style=\"color: #0c71c3;\">Ver video\u00a01<\/span><\/a><\/strong><\/em><span><\/span><\/p>\n<p>Principalmente desarrolla las siguientes actividades:<\/p>\n<p><strong>1. <\/strong>Propiciar y realizar convenios con entidades nacionales e internacionales (p\u00fablicas y\/o privadas) con fines y metas comunes al objeto social de FUNDACI\u00d3N MUY BUEN VIVIR.<\/p>\n<p><strong>2. <\/strong>Organizar, coordinar, asesorar y colaborar en el desarrollo de programas y actividades especiales que promuevan el \u00f3ptimo desarrollo y vinculaci\u00f3n al mejoramiento de la sociedad, de la poblaci\u00f3n con Alzheimer y sus familias.<\/p>\n<p><strong>3.<\/strong> Obtener, administrar recursos econ\u00f3micos nacionales y\/o internacionales para la inversi\u00f3n, patrocinio y fomento de las actividades previstas en el objeto, as\u00ed como manejar donaciones de destinaci\u00f3n espec\u00edfica que permitan desarrollar las actividades de tales entidades pudiendo otorgar con dichos recursos donaciones de acuerdo a la naturaleza y destino de los mismos.<\/p>\n<p><strong>4.<\/strong> Formular y desarrollar proyectos productivos destinados a mejorar la calidad de vida de las poblaciones atendidas por FUNDACI\u00d3N MUY BUEN VIVIR. <em><strong><a href=\"https:\/\/www.facebook.com\/watch\/?v=1103200953345213\"><span style=\"color: #0c71c3;\">Ver video 2<\/span><\/a><\/strong><\/em><\/p>\n<p>&nbsp;<\/p>\n<p>[\/et_pb_text][\/et_pb_column][et_pb_column type=\u00bb1_3&#8243; _builder_version=\u00bb4.23.1&#8243; _module_preset=\u00bbdefault\u00bb global_colors_info=\u00bb{}\u00bb][et_pb_image src=\u00bbhttps:\/\/medicalextractos.com\/2024_nueva\/wp-content\/uploads\/2025\/03\/muy-bien-vivir-medical-extracos.jpg\u00bb title_text=\u00bbmuy-bien-vivir-medical-extracos\u00bb align=\u00bbcenter\u00bb _builder_version=\u00bb4.27.2&#8243; _module_preset=\u00bbdefault\u00bb width_tablet=\u00bb38%\u00bb width_phone=\u00bb65%\u00bb width_last_edited=\u00bbon|desktop\u00bb hover_enabled=\u00bb0&#8243; global_colors_info=\u00bb{}\u00bb sticky_enabled=\u00bb0&#8243;][\/et_pb_image][\/et_pb_column][\/et_pb_row][\/et_pb_section][et_pb_section fb_built=\u00bb1&#8243; _builder_version=\u00bb4.27.2&#8243; _module_preset=\u00bbdefault\u00bb custom_padding=\u00bb32px||4px|||\u00bb global_colors_info=\u00bb{}\u00bb][et_pb_row _builder_version=\u00bb4.27.2&#8243; _module_preset=\u00bbdefault\u00bb global_colors_info=\u00bb{}\u00bb][et_pb_column type=\u00bb4_4&#8243; _builder_version=\u00bb4.27.2&#8243; _module_preset=\u00bbdefault\u00bb global_colors_info=\u00bb{}\u00bb][et_pb_divider color=\u00bb#48b3da\u00bb divider_style=\u00bbdashed\u00bb divider_weight=\u00bb2px\u00bb _builder_version=\u00bb4.27.2&#8243; _module_preset=\u00bbdefault\u00bb global_colors_info=\u00bb{}\u00bb][\/et_pb_divider][\/et_pb_column][\/et_pb_row][\/et_pb_section]<\/p>\n","protected":false},"excerpt":{"rendered":"<p>FUNDACI\u00d3N MUY BIEN VIVIRALIADO COLOMBIA FUNDACI\u00d3N MUY BIEN VIVIR Es una entidad sin \u00e1nimo de lucro, de propiedad de PAULA ANDREA BETANCUR S\u00c1NCHEZ y HENRY ANTONIO MU\u00d1OZ VALLEJO accionistas de MEDICAL EXTRACTOS S.A.S. que se constituye como una Fundaci\u00f3n de tipo no gubernamental de tipo Social, que agrupa principalmente a mujeres cuidadoras de personas con [&hellip;]<\/p>\n","protected":false},"author":1,"featured_media":0,"parent":0,"menu_order":0,"comment_status":"closed","ping_status":"closed","template":"","meta":{"_et_pb_use_builder":"on","_et_pb_old_content":"","_et_gb_content_width":"","_joinchat":[],"footnotes":""},"class_list":["post-911","page","type-page","status-publish","hentry"],"_links":{"self":[{"href":"https:\/\/medicalextractos.com\/2024_nueva\/wp-json\/wp\/v2\/pages\/911","targetHints":{"allow":["GET"]}}],"collection":[{"href":"https:\/\/medicalextractos.com\/2024_nueva\/wp-json\/wp\/v2\/pages"}],"about":[{"href":"https:\/\/medicalextractos.com\/2024_nueva\/wp-json\/wp\/v2\/types\/page"}],"author":[{"embeddable":true,"href":"https:\/\/medicalextractos.com\/2024_nueva\/wp-json\/wp\/v2\/users\/1"}],"replies":[{"embeddable":true,"href":"https:\/\/medicalextractos.com\/2024_nueva\/wp-json\/wp\/v2\/comments?post=911"}],"version-history":[{"count":8,"href":"https:\/\/medicalextractos.com\/2024_nueva\/wp-json\/wp\/v2\/pages\/911\/revisions"}],"predecessor-version":[{"id":1352,"href":"https:\/\/medicalextractos.com\/2024_nueva\/wp-json\/wp\/v2\/pages\/911\/revisions\/1352"}],"wp:attachment":[{"href":"https:\/\/medicalextractos.com\/2024_nueva\/wp-json\/wp\/v2\/media?parent=911"}],"curies":[{"name":"wp","href":"https:\/\/api.w.org\/{rel}","templated":true}]}}