{"id":878,"date":"2025-02-17T15:22:36","date_gmt":"2025-02-17T15:22:36","guid":{"rendered":"https:\/\/medicalextractos.com\/2024_nueva\/?page_id=878"},"modified":"2025-04-04T15:14:56","modified_gmt":"2025-04-04T15:14:56","slug":"agrosavia-2","status":"publish","type":"page","link":"https:\/\/medicalextractos.com\/2024_nueva\/agrosavia-2\/","title":{"rendered":"AGROSAVIA"},"content":{"rendered":"<p>[et_pb_section fb_built=\u00bb1&#8243; _builder_version=\u00bb4.27.2&#8243; _module_preset=\u00bbdefault\u00bb background_color=\u00bb#48b3da\u00bb background_image=\u00bbhttps:\/\/medicalextractos.com\/2024_nueva\/wp-content\/uploads\/2025\/03\/agrosavia-medical-extractos.jpg\u00bb background_blend=\u00bbmultiply\u00bb custom_padding=\u00bb160px||160px||true|false\u00bb global_colors_info=\u00bb{}\u00bb][et_pb_row _builder_version=\u00bb4.23.4&#8243; _module_preset=\u00bbdefault\u00bb global_colors_info=\u00bb{}\u00bb][et_pb_column type=\u00bb4_4&#8243; _builder_version=\u00bb4.23.4&#8243; _module_preset=\u00bbdefault\u00bb global_colors_info=\u00bb{}\u00bb][et_pb_text _builder_version=\u00bb4.27.2&#8243; _module_preset=\u00bbdefault\u00bb text_font=\u00bb|800|||||||\u00bb text_text_color=\u00bb#FFFFFF\u00bb text_font_size=\u00bb60px\u00bb text_line_height=\u00bb1.9em\u00bb custom_margin=\u00bb||-2px|||\u00bb global_colors_info=\u00bb{}\u00bb]<\/p>\n<p style=\"text-align: center;\">AGROSAVIA<\/p>\n<p>[\/et_pb_text][\/et_pb_column][\/et_pb_row][\/et_pb_section][et_pb_section fb_built=\u00bb1&#8243; admin_label=\u00bbAbout\u00bb _builder_version=\u00bb4.23.4&#8243; _module_preset=\u00bbdefault\u00bb custom_padding=\u00bb67px||27px|||\u00bb collapsed=\u00bbon\u00bb global_colors_info=\u00bb{}\u00bb][et_pb_row column_structure=\u00bb2_3,1_3&#8243; _builder_version=\u00bb4.27.2&#8243; _module_preset=\u00bbdefault\u00bb custom_padding=\u00bb||4px|||\u00bb global_colors_info=\u00bb{}\u00bb][et_pb_column type=\u00bb2_3&#8243; _builder_version=\u00bb4.23.1&#8243; _module_preset=\u00bbdefault\u00bb global_colors_info=\u00bb{}\u00bb][et_pb_text _builder_version=\u00bb4.27.2&#8243; _module_preset=\u00bbdefault\u00bb text_font=\u00bb|800|||||||\u00bb text_text_color=\u00bb#48b3da\u00bb text_font_size=\u00bb20px\u00bb custom_margin=\u00bb||14px|||\u00bb global_colors_info=\u00bb{}\u00bb]<\/p>\n<p>ALIADO COLOMBIA<\/p>\n<p>[\/et_pb_text][et_pb_text _builder_version=\u00bb4.27.2&#8243; _module_preset=\u00bbdefault\u00bb text_font=\u00bb|800|||||||\u00bb text_text_color=\u00bb#000000&#8243; text_font_size=\u00bb35px\u00bb text_line_height=\u00bb1em\u00bb custom_margin=\u00bb-8px|||||\u00bb global_colors_info=\u00bb{}\u00bb]<\/p>\n<div class=\"et_pb_module et_pb_text et_pb_text_2  et_pb_text_align_left et_pb_bg_layout_light\">\n<div class=\"et_pb_text_inner\">\n<p>AGROSAVIA<\/p>\n<\/div>\n<\/div>\n<div class=\"et_pb_module et_pb_text et_pb_text_3  et_pb_text_align_justified et_pb_bg_layout_light\">\n<div class=\"et_pb_text_inner\"><\/div>\n<\/div>\n<p>[\/et_pb_text][et_pb_text _builder_version=\u00bb4.27.2&#8243; _module_preset=\u00bbdefault\u00bb text_font=\u00bb||||||||\u00bb text_text_color=\u00bb#000000&#8243; text_font_size=\u00bb18px\u00bb custom_margin=\u00bb1px||14px|||\u00bb global_colors_info=\u00bb{}\u00bb]<\/p>\n<p style=\"text-align: justify;\">La Corporaci\u00f3n colombiana de investigaci\u00f3n agropecuaria, es una entidad de Ciencia, Tecnolog\u00eda e Innovaci\u00f3n, que contribuye al cambio t\u00e9cnico para mejorar la productividad y competitividad de la agricultura. <BR><br \/>\nLa alianza constituida entre AGROSAVIA y MEDICAL EXTRACTOS S.A.S tiene como prop\u00f3sito superior transformar el sector agropecuario colombiano, de manera sostenible, con el poder del conocimiento para mejorar la vida de productores y consumidores, mediante la generaci\u00f3n y vinculaci\u00f3n de oferta tecnol\u00f3gica a trav\u00e9s de procesos de investigaci\u00f3n, desarrollo e innovaci\u00f3n y gesti\u00f3n del conocimiento en redes, dando soporte al desarrollo de acciones orientadas a proveer y mejorar las capacidades e instrumentos para el servicio de extensi\u00f3n agropecuaria, y apoyando el dise\u00f1o e implementaci\u00f3n de pol\u00edticas, herramientas y metodolog\u00edas para acompa\u00f1ar los procesos de articulaci\u00f3n del Sistema Nacional de Innovaci\u00f3n Agropecuaria \u2013 SNIA y fortalecimiento de capacidades de sus actores les permitir\u00e1 avanzar en la formulaci\u00f3n y ejecuci\u00f3n de proyectos de investigaci\u00f3n cient\u00edfica, desarrollo e innovaci\u00f3n de alto impacto para el sector del cannabis medicinal e industrial en Colombia.<BR><br \/>\nMediante la alianza realizada con  MEDICAL EXTRACTOS S.A.S pretenden materializar su inter\u00e9s de cooperaci\u00f3n, para la formulaci\u00f3n y ejecuci\u00f3n de proyectos de investigaci\u00f3n cient\u00edfica entorno al cannabis medicinal e industrial, orientados al conocimiento y mejoramiento gen\u00e9tico de material de siembra, al desarrollo de bases tecnol\u00f3gicas para multiplicaci\u00f3n in vitro de material vegetal y a la consolidaci\u00f3n y conservaci\u00f3n de colecciones de materiales \u00e9lites (in vitro, semilla sexual y asexual).<BR><br \/>\nTambi\u00e9n  para el establecimiento de vitrinas, vinculaci\u00f3n de oferta tecnol\u00f3gica y transferencia de tecnolog\u00eda generado y desarrollando procesos y protocolos pr\u00e1cticos para mejorar los conocimientos existentes en torno al cannabis medicinal e industrial, trabajando de manera conjunta en el posicionamiento e implementaci\u00f3n de buenas pr\u00e1cticas (Buenas Pr\u00e1cticas Agr\u00edcolas -BPA y Buenas Pr\u00e1cticas de Manufactura &#8211; BPM), en la industria del cannabis medicinal. <BR><br \/>\nAs\u00ed mismo propician espacios de transferencia y apropiaci\u00f3n social del conocimiento en torno a los usos, beneficios y propiedades de cannabis medicinal e industrial mediante la gesti\u00f3n de proyectos de investigaci\u00f3n, desarrollo e innovaci\u00f3n, publicaciones conjuntas; intercambio de conocimiento mediante reportes institucionales, informaci\u00f3n y material t\u00e9cnicocient\u00edfico, organizaci\u00f3n conjunta de talleres, seminarios y otras reuniones de investigaci\u00f3n y vinculaci\u00f3n.\n<\/p>\n<p style=\"text-align: justify;\"><span><\/span><\/p>\n<p>[\/et_pb_text][\/et_pb_column][et_pb_column type=\u00bb1_3&#8243; _builder_version=\u00bb4.23.1&#8243; _module_preset=\u00bbdefault\u00bb global_colors_info=\u00bb{}\u00bb][et_pb_image src=\u00bbhttps:\/\/medicalextractos.com\/2024_nueva\/wp-content\/uploads\/2025\/01\/AGROSAVIA.jpg\u00bb title_text=\u00bbAGROSAVIA\u00bb align=\u00bbcenter\u00bb _builder_version=\u00bb4.27.2&#8243; _module_preset=\u00bbdefault\u00bb width_tablet=\u00bb38%\u00bb width_phone=\u00bb65%\u00bb width_last_edited=\u00bbon|desktop\u00bb global_colors_info=\u00bb{}\u00bb][\/et_pb_image][et_pb_button button_text=\u00bbIr al sitio web\u00bb button_alignment=\u00bbcenter\u00bb _builder_version=\u00bb4.27.2&#8243; _module_preset=\u00bbdefault\u00bb custom_button=\u00bbon\u00bb button_text_color=\u00bb#FFFFFF\u00bb button_bg_color=\u00bb#48b3da\u00bb button_border_color=\u00bb#48b3da\u00bb button_border_radius=\u00bb16px\u00bb button_font=\u00bb|800|||||||\u00bb button_icon=\u00bb&#x45;||divi||400&#8243; custom_margin=\u00bb13px|||||\u00bb global_colors_info=\u00bb{}\u00bb button_bg_color__hover_enabled=\u00bbon|hover\u00bb button_bg_color__hover=\u00bb#FFFFFF\u00bb button_bg_enable_color__hover=\u00bbon\u00bb button_text_color__hover_enabled=\u00bbon|desktop\u00bb button_text_color__hover=\u00bb#48b3da\u00bb][\/et_pb_button][\/et_pb_column][\/et_pb_row][\/et_pb_section][et_pb_section fb_built=\u00bb1&#8243; _builder_version=\u00bb4.27.2&#8243; _module_preset=\u00bbdefault\u00bb custom_padding=\u00bb32px||4px|||\u00bb global_colors_info=\u00bb{}\u00bb][et_pb_row _builder_version=\u00bb4.27.2&#8243; _module_preset=\u00bbdefault\u00bb global_colors_info=\u00bb{}\u00bb][et_pb_column type=\u00bb4_4&#8243; _builder_version=\u00bb4.27.2&#8243; _module_preset=\u00bbdefault\u00bb global_colors_info=\u00bb{}\u00bb][et_pb_divider color=\u00bb#48b3da\u00bb divider_style=\u00bbdashed\u00bb divider_weight=\u00bb2px\u00bb _builder_version=\u00bb4.27.2&#8243; _module_preset=\u00bbdefault\u00bb global_colors_info=\u00bb{}\u00bb][\/et_pb_divider][\/et_pb_column][\/et_pb_row][\/et_pb_section]<\/p>\n","protected":false},"excerpt":{"rendered":"<p>AGROSAVIAALIADO COLOMBIA AGROSAVIA La Corporaci\u00f3n colombiana de investigaci\u00f3n agropecuaria, es una entidad de Ciencia, Tecnolog\u00eda e Innovaci\u00f3n, que contribuye al cambio t\u00e9cnico para mejorar la productividad y competitividad de la agricultura. La alianza constituida entre AGROSAVIA y MEDICAL EXTRACTOS S.A.S tiene como prop\u00f3sito superior transformar el sector agropecuario colombiano, de manera sostenible, con el poder [&hellip;]<\/p>\n","protected":false},"author":1,"featured_media":0,"parent":0,"menu_order":0,"comment_status":"closed","ping_status":"closed","template":"","meta":{"_et_pb_use_builder":"on","_et_pb_old_content":"<!-- wp:divi\/placeholder \/-->","_et_gb_content_width":"","_joinchat":[],"footnotes":""},"class_list":["post-878","page","type-page","status-publish","hentry"],"_links":{"self":[{"href":"https:\/\/medicalextractos.com\/2024_nueva\/wp-json\/wp\/v2\/pages\/878","targetHints":{"allow":["GET"]}}],"collection":[{"href":"https:\/\/medicalextractos.com\/2024_nueva\/wp-json\/wp\/v2\/pages"}],"about":[{"href":"https:\/\/medicalextractos.com\/2024_nueva\/wp-json\/wp\/v2\/types\/page"}],"author":[{"embeddable":true,"href":"https:\/\/medicalextractos.com\/2024_nueva\/wp-json\/wp\/v2\/users\/1"}],"replies":[{"embeddable":true,"href":"https:\/\/medicalextractos.com\/2024_nueva\/wp-json\/wp\/v2\/comments?post=878"}],"version-history":[{"count":7,"href":"https:\/\/medicalextractos.com\/2024_nueva\/wp-json\/wp\/v2\/pages\/878\/revisions"}],"predecessor-version":[{"id":1374,"href":"https:\/\/medicalextractos.com\/2024_nueva\/wp-json\/wp\/v2\/pages\/878\/revisions\/1374"}],"wp:attachment":[{"href":"https:\/\/medicalextractos.com\/2024_nueva\/wp-json\/wp\/v2\/media?parent=878"}],"curies":[{"name":"wp","href":"https:\/\/api.w.org\/{rel}","templated":true}]}}