{"id":853,"date":"2025-02-17T14:48:18","date_gmt":"2025-02-17T14:48:18","guid":{"rendered":"https:\/\/medicalextractos.com\/2024_nueva\/?page_id=853"},"modified":"2025-04-29T16:39:03","modified_gmt":"2025-04-29T16:39:03","slug":"sena-2","status":"publish","type":"page","link":"https:\/\/medicalextractos.com\/2024_nueva\/sena-2\/","title":{"rendered":"SENA"},"content":{"rendered":"<p>[et_pb_section fb_built=\u00bb1&#8243; _builder_version=\u00bb4.27.2&#8243; _module_preset=\u00bbdefault\u00bb background_color=\u00bbrgba(72,179,218,0.67)\u00bb background_image=\u00bbhttps:\/\/medicalextractos.com\/2024_nueva\/wp-content\/uploads\/2025\/03\/banner-sena-medical-extractos.jpg\u00bb background_blend=\u00bbmultiply\u00bb custom_padding=\u00bb160px||160px||true|false\u00bb global_colors_info=\u00bb{}\u00bb][et_pb_row _builder_version=\u00bb4.23.4&#8243; _module_preset=\u00bbdefault\u00bb global_colors_info=\u00bb{}\u00bb][et_pb_column type=\u00bb4_4&#8243; _builder_version=\u00bb4.23.4&#8243; _module_preset=\u00bbdefault\u00bb global_colors_info=\u00bb{}\u00bb][et_pb_text _builder_version=\u00bb4.27.2&#8243; _module_preset=\u00bbdefault\u00bb text_font=\u00bb|800|||||||\u00bb text_text_color=\u00bb#FFFFFF\u00bb text_font_size=\u00bb60px\u00bb text_line_height=\u00bb1.9em\u00bb custom_margin=\u00bb||-2px|||\u00bb global_colors_info=\u00bb{}\u00bb]<\/p>\n<p style=\"text-align: center;\"><strong>SENA <\/strong><strong>SERVICIONACIONAL DE APRENDIZAJE<\/strong><\/p>\n<p>[\/et_pb_text][\/et_pb_column][\/et_pb_row][\/et_pb_section][et_pb_section fb_built=\u00bb1&#8243; admin_label=\u00bbAbout\u00bb _builder_version=\u00bb4.23.4&#8243; _module_preset=\u00bbdefault\u00bb custom_padding=\u00bb67px||27px|||\u00bb collapsed=\u00bbon\u00bb global_colors_info=\u00bb{}\u00bb][et_pb_row column_structure=\u00bb2_3,1_3&#8243; _builder_version=\u00bb4.27.2&#8243; _module_preset=\u00bbdefault\u00bb custom_padding=\u00bb||4px|||\u00bb global_colors_info=\u00bb{}\u00bb][et_pb_column type=\u00bb2_3&#8243; _builder_version=\u00bb4.23.1&#8243; _module_preset=\u00bbdefault\u00bb global_colors_info=\u00bb{}\u00bb][et_pb_text _builder_version=\u00bb4.27.2&#8243; _module_preset=\u00bbdefault\u00bb text_font=\u00bb|800|||||||\u00bb text_text_color=\u00bb#48b3da\u00bb text_font_size=\u00bb20px\u00bb custom_margin=\u00bb||14px|||\u00bb global_colors_info=\u00bb{}\u00bb]<\/p>\n<p>ALIADO<\/p>\n<p>[\/et_pb_text][et_pb_text _builder_version=\u00bb4.27.2&#8243; _module_preset=\u00bbdefault\u00bb text_font=\u00bb|800|||||||\u00bb text_text_color=\u00bb#000000&#8243; text_font_size=\u00bb35px\u00bb text_line_height=\u00bb1em\u00bb custom_margin=\u00bb-8px|||||\u00bb global_colors_info=\u00bb{}\u00bb]<\/p>\n<div class=\"et_pb_module et_pb_text et_pb_text_2  et_pb_text_align_left et_pb_bg_layout_light\">\n<div class=\"et_pb_text_inner\">\n<p>SENA SERVICIO NACIONAL DE APRENDIZAJE<\/p>\n<\/div>\n<\/div>\n<div class=\"et_pb_module et_pb_text et_pb_text_3  et_pb_text_align_justified et_pb_bg_layout_light\">\n<div class=\"et_pb_text_inner\"><\/div>\n<\/div>\n<p>[\/et_pb_text][et_pb_text _builder_version=\u00bb4.27.2&#8243; _module_preset=\u00bbdefault\u00bb text_font=\u00bb||||||||\u00bb text_text_color=\u00bb#000000&#8243; text_font_size=\u00bb18px\u00bb custom_margin=\u00bb1px||14px|||\u00bb global_colors_info=\u00bb{}\u00bb]<\/p>\n<p style=\"text-align: justify;\">Servicio Nacional de Aprendizaje. Es un instituto p\u00fablico colombiano de m\u00e1s de 60 a\u00f1os de antig\u00fcedad, fue fundado en el a\u00f1o de 1957 y funciona en permanente alianza con el gobierno colombiano, empresarios y trabajadores con el prop\u00f3sito de lograr la competitividad en Colombia mediante el incremento de la productividad en las empresas, Las sedes del SENA est\u00e1n en las principales ciudades de Colombia, cubriendo la gran parte del territorio nacional como una gran opci\u00f3n para la educaci\u00f3n, con establecimientos en los 32 departamentos del pa\u00eds, es un Aliado estrat\u00e9gico de la zona andina, regional Antioquia donde se encuentra el centro de innovaci\u00f3n la agroindustria y la aviaci\u00f3n y ofrecen formaci\u00f3n en acuicultura, alimentos, agrobiotecnolog\u00eda, recursos naturales, salud, construcci\u00f3n, miner\u00eda, agroindustrial y tur\u00edstico.<\/p>\n<p style=\"text-align: justify;\">MEDICAL EXTRACTOS S.A.S en alianza con el SENA realizaron las PRUEBAS DE EVALUACI\u00d3N AGRON\u00d3MICAS PEAS que nos permitieron el registro y uso comercial de las semillas en Colombia y nos permite tambi\u00e9n realizar procesos de cruces y Fito mejoramiento, para crear nuevos h\u00edbridos, nuevas variedades de Cannabis para su uso comercial en Colombia y su exportaci\u00f3n.<\/p>\n<p style=\"text-align: justify;\">MEDICAL EXTRACTOS S.A.S en alianza con el SENA realizaron el CURSO DE PLANTAS AROM\u00c1TICAS Y MEDICINALES, en donde se convoc\u00f3 a la poblaci\u00f3n de san Carlos Antioquia para que participar\u00e1n en un taller de cultivo de plantas arom\u00e1ticas y medicinales entre ellos las plantas de CANNABIS PS en las instalaciones de MEDICAL EXTRACTOS S.A.S.<\/p>\n<p style=\"text-align: justify;\">El curso formo a 30 aprendices, quienes aumentan sus posibilidades de vincularse laboralmente con empresas del sector.<\/p>\n<p style=\"text-align: justify;\"><span><\/span><\/p>\n<p>[\/et_pb_text][\/et_pb_column][et_pb_column type=\u00bb1_3&#8243; _builder_version=\u00bb4.23.1&#8243; _module_preset=\u00bbdefault\u00bb global_colors_info=\u00bb{}\u00bb][et_pb_image src=\u00bbhttps:\/\/medicalextractos.com\/2024_nueva\/wp-content\/uploads\/2025\/01\/SENA.jpg\u00bb title_text=\u00bbSENA\u00bb align=\u00bbcenter\u00bb _builder_version=\u00bb4.27.2&#8243; _module_preset=\u00bbdefault\u00bb width_tablet=\u00bb38%\u00bb width_phone=\u00bb65%\u00bb width_last_edited=\u00bbon|desktop\u00bb global_colors_info=\u00bb{}\u00bb][\/et_pb_image][et_pb_button button_text=\u00bbIr al sitio web\u00bb button_alignment=\u00bbcenter\u00bb _builder_version=\u00bb4.27.2&#8243; _module_preset=\u00bbdefault\u00bb custom_button=\u00bbon\u00bb button_text_color=\u00bb#FFFFFF\u00bb button_bg_color=\u00bb#48b3da\u00bb button_border_color=\u00bb#48b3da\u00bb button_border_radius=\u00bb16px\u00bb button_font=\u00bb|800|||||||\u00bb button_icon=\u00bb&#x45;||divi||400&#8243; custom_margin=\u00bb13px|||||\u00bb global_colors_info=\u00bb{}\u00bb button_bg_color__hover_enabled=\u00bbon|hover\u00bb button_bg_color__hover=\u00bb#FFFFFF\u00bb button_bg_enable_color__hover=\u00bbon\u00bb button_text_color__hover_enabled=\u00bbon|desktop\u00bb button_text_color__hover=\u00bb#48b3da\u00bb][\/et_pb_button][\/et_pb_column][\/et_pb_row][et_pb_row _builder_version=\u00bb4.27.2&#8243; _module_preset=\u00bbdefault\u00bb global_colors_info=\u00bb{}\u00bb][et_pb_column type=\u00bb4_4&#8243; _builder_version=\u00bb4.27.2&#8243; _module_preset=\u00bbdefault\u00bb global_colors_info=\u00bb{}\u00bb][dica_divi_carousel autoplay=\u00bbon\u00bb hoverpause=\u00bbon\u00bb advanced_effect=\u00bb1&#8243; _builder_version=\u00bb4.27.2&#8243; _module_preset=\u00bbdefault\u00bb hover_enabled=\u00bb0&#8243; global_colors_info=\u00bb{}\u00bb sticky_enabled=\u00bb0&#8243;][dica_divi_carouselitem button_url_new_window=\u00bb1&#8243; image=\u00bbhttps:\/\/medicalextractos.com\/2024_nueva\/wp-content\/uploads\/2025\/02\/2.jpg\u00bb _builder_version=\u00bb4.27.2&#8243; _module_preset=\u00bbdefault\u00bb global_colors_info=\u00bb{}\u00bb][\/dica_divi_carouselitem][dica_divi_carouselitem button_url_new_window=\u00bb1&#8243; image=\u00bbhttps:\/\/medicalextractos.com\/2024_nueva\/wp-content\/uploads\/2025\/02\/3.jpg\u00bb _builder_version=\u00bb4.27.2&#8243; _module_preset=\u00bbdefault\u00bb global_colors_info=\u00bb{}\u00bb][\/dica_divi_carouselitem][dica_divi_carouselitem button_url_new_window=\u00bb1&#8243; image=\u00bbhttps:\/\/medicalextractos.com\/2024_nueva\/wp-content\/uploads\/2025\/03\/aliados-medical-extractos.png\u00bb _builder_version=\u00bb4.27.2&#8243; _module_preset=\u00bbdefault\u00bb global_colors_info=\u00bb{}\u00bb][\/dica_divi_carouselitem][dica_divi_carouselitem button_url_new_window=\u00bb1&#8243; image=\u00bbhttps:\/\/medicalextractos.com\/2024_nueva\/wp-content\/uploads\/2025\/02\/4.jpg\u00bb _builder_version=\u00bb4.27.2&#8243; _module_preset=\u00bbdefault\u00bb global_colors_info=\u00bb{}\u00bb][\/dica_divi_carouselitem][dica_divi_carouselitem button_url_new_window=\u00bb1&#8243; image=\u00bbhttps:\/\/medicalextractos.com\/2024_nueva\/wp-content\/uploads\/2025\/03\/aliados-medical-extractos-1.png\u00bb _builder_version=\u00bb4.27.2&#8243; _module_preset=\u00bbdefault\u00bb global_colors_info=\u00bb{}\u00bb][\/dica_divi_carouselitem][dica_divi_carouselitem button_url_new_window=\u00bb1&#8243; image=\u00bbhttps:\/\/medicalextractos.com\/2024_nueva\/wp-content\/uploads\/2025\/03\/aliados-medical-extractos-2.png\u00bb _builder_version=\u00bb4.27.2&#8243; _module_preset=\u00bbdefault\u00bb global_colors_info=\u00bb{}\u00bb][\/dica_divi_carouselitem][\/dica_divi_carousel][\/et_pb_column][\/et_pb_row][\/et_pb_section][et_pb_section fb_built=\u00bb1&#8243; _builder_version=\u00bb4.27.2&#8243; _module_preset=\u00bbdefault\u00bb custom_padding=\u00bb32px||4px|||\u00bb global_colors_info=\u00bb{}\u00bb][et_pb_row _builder_version=\u00bb4.27.2&#8243; _module_preset=\u00bbdefault\u00bb global_colors_info=\u00bb{}\u00bb][et_pb_column type=\u00bb4_4&#8243; _builder_version=\u00bb4.27.2&#8243; _module_preset=\u00bbdefault\u00bb global_colors_info=\u00bb{}\u00bb][et_pb_divider color=\u00bb#48b3da\u00bb divider_style=\u00bbdashed\u00bb divider_weight=\u00bb2px\u00bb _builder_version=\u00bb4.27.2&#8243; _module_preset=\u00bbdefault\u00bb global_colors_info=\u00bb{}\u00bb][\/et_pb_divider][\/et_pb_column][\/et_pb_row][\/et_pb_section]<\/p>\n","protected":false},"excerpt":{"rendered":"<p>SENA SERVICIONACIONAL DE APRENDIZAJEALIADO SENA SERVICIO NACIONAL DE APRENDIZAJE Servicio Nacional de Aprendizaje. Es un instituto p\u00fablico colombiano de m\u00e1s de 60 a\u00f1os de antig\u00fcedad, fue fundado en el a\u00f1o de 1957 y funciona en permanente alianza con el gobierno colombiano, empresarios y trabajadores con el prop\u00f3sito de lograr la competitividad en Colombia mediante el [&hellip;]<\/p>\n","protected":false},"author":1,"featured_media":0,"parent":0,"menu_order":0,"comment_status":"closed","ping_status":"closed","template":"","meta":{"_et_pb_use_builder":"on","_et_pb_old_content":"","_et_gb_content_width":"","_joinchat":[],"footnotes":""},"class_list":["post-853","page","type-page","status-publish","hentry"],"_links":{"self":[{"href":"https:\/\/medicalextractos.com\/2024_nueva\/wp-json\/wp\/v2\/pages\/853","targetHints":{"allow":["GET"]}}],"collection":[{"href":"https:\/\/medicalextractos.com\/2024_nueva\/wp-json\/wp\/v2\/pages"}],"about":[{"href":"https:\/\/medicalextractos.com\/2024_nueva\/wp-json\/wp\/v2\/types\/page"}],"author":[{"embeddable":true,"href":"https:\/\/medicalextractos.com\/2024_nueva\/wp-json\/wp\/v2\/users\/1"}],"replies":[{"embeddable":true,"href":"https:\/\/medicalextractos.com\/2024_nueva\/wp-json\/wp\/v2\/comments?post=853"}],"version-history":[{"count":13,"href":"https:\/\/medicalextractos.com\/2024_nueva\/wp-json\/wp\/v2\/pages\/853\/revisions"}],"predecessor-version":[{"id":1484,"href":"https:\/\/medicalextractos.com\/2024_nueva\/wp-json\/wp\/v2\/pages\/853\/revisions\/1484"}],"wp:attachment":[{"href":"https:\/\/medicalextractos.com\/2024_nueva\/wp-json\/wp\/v2\/media?parent=853"}],"curies":[{"name":"wp","href":"https:\/\/api.w.org\/{rel}","templated":true}]}}