{"id":35,"date":"2024-04-24T10:14:17","date_gmt":"2024-04-24T10:14:17","guid":{"rendered":"https:\/\/medicalextractos.com\/2024_nueva\/?page_id=35"},"modified":"2025-04-29T16:04:39","modified_gmt":"2025-04-29T16:04:39","slug":"nosotros","status":"publish","type":"page","link":"https:\/\/medicalextractos.com\/2024_nueva\/nosotros\/","title":{"rendered":"NOSOTROS"},"content":{"rendered":"<p>[et_pb_section fb_built=\u00bb1&#8243; _builder_version=\u00bb4.27.2&#8243; _module_preset=\u00bbdefault\u00bb background_color=\u00bb#48b3da\u00bb background_image=\u00bbhttps:\/\/medicalextractos.com\/2024_nueva\/wp-content\/uploads\/2025\/02\/26_medicalextractos-2.jpeg\u00bb background_blend=\u00bbmultiply\u00bb custom_padding=\u00bb160px||160px||false|false\u00bb global_colors_info=\u00bb{}\u00bb][et_pb_row _builder_version=\u00bb4.23.4&#8243; _module_preset=\u00bbdefault\u00bb global_colors_info=\u00bb{}\u00bb][et_pb_column type=\u00bb4_4&#8243; _builder_version=\u00bb4.23.4&#8243; _module_preset=\u00bbdefault\u00bb global_colors_info=\u00bb{}\u00bb][et_pb_text _builder_version=\u00bb4.27.2&#8243; _module_preset=\u00bbdefault\u00bb text_font=\u00bb|800|||||||\u00bb text_text_color=\u00bb#FFFFFF\u00bb text_font_size=\u00bb60px\u00bb text_line_height=\u00bb1.9em\u00bb custom_margin=\u00bb||-2px|||\u00bb global_colors_info=\u00bb{}\u00bb]<\/p>\n<p style=\"text-align: center;\">NOSOTROS<\/p>\n<p>[\/et_pb_text][\/et_pb_column][\/et_pb_row][\/et_pb_section][et_pb_section fb_built=\u00bb1&#8243; specialty=\u00bbon\u00bb _builder_version=\u00bb4.27.2&#8243; _module_preset=\u00bbdefault\u00bb custom_padding=\u00bb||12px|||\u00bb global_colors_info=\u00bb{}\u00bb][et_pb_column type=\u00bb2_3&#8243; specialty_columns=\u00bb2&#8243; _builder_version=\u00bb4.16&#8243; custom_padding=\u00bb|||\u00bb global_colors_info=\u00bb{}\u00bb custom_padding__hover=\u00bb|||\u00bb][et_pb_row_inner column_structure=\u00bb1_2,1_2&#8243; _builder_version=\u00bb4.27.2&#8243; _module_preset=\u00bbdefault\u00bb custom_padding=\u00bb||4px|||\u00bb global_colors_info=\u00bb{}\u00bb][et_pb_column_inner type=\u00bb1_2&#8243; saved_specialty_column_type=\u00bb2_3&#8243; _builder_version=\u00bb4.23.1&#8243; _module_preset=\u00bbdefault\u00bb global_colors_info=\u00bb{}\u00bb][et_pb_text _builder_version=\u00bb4.27.2&#8243; _module_preset=\u00bbdefault\u00bb text_font=\u00bb|800|||||||\u00bb text_text_color=\u00bb#48b3da\u00bb text_font_size=\u00bb25px\u00bb custom_margin=\u00bb||14px|||\u00bb global_colors_info=\u00bb{}\u00bb]<\/p>\n<p>SOMOS UNA EMPRESA<\/p>\n<p>[\/et_pb_text][et_pb_text _builder_version=\u00bb4.27.2&#8243; _module_preset=\u00bbdefault\u00bb text_font=\u00bb|800||on|||||\u00bb text_text_color=\u00bb#000000&#8243; text_font_size=\u00bb30px\u00bb custom_margin=\u00bb||-2px||false|false\u00bb custom_padding=\u00bb0px||||false|false\u00bb global_colors_info=\u00bb{}\u00bb]<\/p>\n<p>Colombiana<\/p>\n<p>[\/et_pb_text][\/et_pb_column_inner][et_pb_column_inner type=\u00bb1_2&#8243; saved_specialty_column_type=\u00bb2_3&#8243; _builder_version=\u00bb4.23.1&#8243; _module_preset=\u00bbdefault\u00bb global_colors_info=\u00bb{}\u00bb][\/et_pb_column_inner][\/et_pb_row_inner][et_pb_row_inner _builder_version=\u00bb4.27.2&#8243; _module_preset=\u00bbdefault\u00bb custom_margin=\u00bb||||false|false\u00bb custom_padding=\u00bb14px||||false|false\u00bb global_colors_info=\u00bb{}\u00bb][et_pb_column_inner saved_specialty_column_type=\u00bb2_3&#8243; _builder_version=\u00bb4.27.2&#8243; _module_preset=\u00bbdefault\u00bb global_colors_info=\u00bb{}\u00bb][et_pb_text _builder_version=\u00bb4.27.2&#8243; _module_preset=\u00bbdefault\u00bb text_font=\u00bb||||||||\u00bb text_text_color=\u00bb#000000&#8243; text_font_size=\u00bb18px\u00bb custom_margin=\u00bb1px||14px|||\u00bb global_colors_info=\u00bb{}\u00bb]<\/p>\n<p style=\"text-align: justify;\">Dedicada a trabajar con Cannabis natural, de calidad m\u00e9dica, en todas las etapas para la elaboraci\u00f3n de productos medicinales, industriales, cosm\u00e9ticos, alimenticios y cient\u00edficos. Lo que incluye su cultivo, transformaci\u00f3n, producci\u00f3n, comercializaci\u00f3n de derivados, as\u00ed como la inversi\u00f3n investigaci\u00f3n, tecnolog\u00eda y el desarrollo cient\u00edfico. Ofreciendo a los pacientes la posibilidad de usar el Cannabis para sus tratamientos y en general para el beneficio de las comunidades.<\/p>\n<p><span><\/span><\/p>\n<p>[\/et_pb_text][et_pb_text _builder_version=\u00bb4.23.4&#8243; _module_preset=\u00bbdefault\u00bb text_font=\u00bb||||||||\u00bb text_text_color=\u00bb#000000&#8243; text_font_size=\u00bb18px\u00bb custom_margin=\u00bb1px||14px|||\u00bb global_colors_info=\u00bb{}\u00bb]<\/p>\n<p style=\"text-align: justify;\">Situada en el municipio de San Carlos \u2013 Antioquia, vereda Pe\u00f1oles finca Siempreviva, a 1.009 msnm, con precipitaci\u00f3n promedio de 3.000 mm\/a\u00f1o, temperatura promedio de veinticuatro (24) grados cent\u00edgrados (m\u00e1ximo de 29 grados cent\u00edgrados y m\u00ednimo de 18 grados cent\u00edgrados) brillo solar de cinco (5) a seis (6) h\/d\u00eda, en la subregi\u00f3n natural Andina &lt;a 1800 msnm (\u00e1rea cafetera marginal 800 msnm \u2013 are cafetera 1800 msnm); en un lote de una hect\u00e1rea con todas las instalaciones y un Invernadero totalmente tecnificado de 400m2; el cerramiento en malla de seguridad, oficinas instaladas y \u00e1reas de post-procesamiento de cosecha que cuenta con la aprobaci\u00f3n para ICA para su funcionamiento.<\/p>\n<p><span><\/span><\/p>\n<p>[\/et_pb_text][et_pb_text _builder_version=\u00bb4.25.2&#8243; _module_preset=\u00bbdefault\u00bb text_font=\u00bb||||||||\u00bb text_text_color=\u00bb#6f7072&#8243; text_font_size=\u00bb18px\u00bb custom_margin=\u00bb1px||14px|5px||\u00bb global_colors_info=\u00bb{}\u00bb]<\/p>\n<p style=\"text-align: justify;\"><span style=\"color: #000000;\">La empresa cuenta con una planta de trabajadores altamente calificados, partiendo del Staff T\u00e9cnico Administrativo y Productivo, el que se presenta debidamente en un organigrama ajustado a las metas y objetivos corporativos de la Compa\u00f1\u00eda.<\/span><\/p>\n<p><span><\/span><\/p>\n<p>[\/et_pb_text][\/et_pb_column_inner][\/et_pb_row_inner][et_pb_row_inner column_structure=\u00bb1_3,1_3,1_3&#8243; use_custom_gutter=\u00bbon\u00bb gutter_width=\u00bb2&#8243; _builder_version=\u00bb4.27.2&#8243; _module_preset=\u00bbdefault\u00bb global_colors_info=\u00bb{}\u00bb][et_pb_column_inner type=\u00bb1_3&#8243; saved_specialty_column_type=\u00bb2_3&#8243; _builder_version=\u00bb4.27.2&#8243; _module_preset=\u00bbdefault\u00bb global_colors_info=\u00bb{}\u00bb][et_pb_circle_counter title=\u00bbPureza del producto\u00bb number=\u00bb98&#8243; bar_bg_color=\u00bb#48b3da\u00bb circle_color=\u00bb#000000&#8243; circle_color_alpha=\u00bb0.15&#8243; _builder_version=\u00bb4.27.2&#8243; _module_preset=\u00bbdefault\u00bb title_font=\u00bb|800|||||||\u00bb title_text_color=\u00bb#000000&#8243; title_font_size=\u00bb21px\u00bb number_font=\u00bb|800|||||||\u00bb number_text_color=\u00bb#000000&#8243; max_width=\u00bb142px\u00bb global_colors_info=\u00bb{}\u00bb][\/et_pb_circle_counter][\/et_pb_column_inner][et_pb_column_inner type=\u00bb1_3&#8243; saved_specialty_column_type=\u00bb2_3&#8243; _builder_version=\u00bb4.27.2&#8243; _module_preset=\u00bbdefault\u00bb global_colors_info=\u00bb{}\u00bb][et_pb_circle_counter title=\u00bbProducci\u00f3n exitosa\u00bb number=\u00bb92&#8243; bar_bg_color=\u00bb#48b3da\u00bb circle_color=\u00bb#000000&#8243; circle_color_alpha=\u00bb0.15&#8243; _builder_version=\u00bb4.27.2&#8243; _module_preset=\u00bbdefault\u00bb title_font=\u00bb|800|||||||\u00bb title_text_color=\u00bb#000000&#8243; title_font_size=\u00bb21px\u00bb number_font=\u00bb|800|||||||\u00bb number_text_color=\u00bb#000000&#8243; max_width=\u00bb142px\u00bb global_colors_info=\u00bb{}\u00bb][\/et_pb_circle_counter][\/et_pb_column_inner][et_pb_column_inner type=\u00bb1_3&#8243; saved_specialty_column_type=\u00bb2_3&#8243; _builder_version=\u00bb4.27.2&#8243; _module_preset=\u00bbdefault\u00bb global_colors_info=\u00bb{}\u00bb][et_pb_circle_counter title=\u00bbProductos naturales\u00bb number=\u00bb67&#8243; bar_bg_color=\u00bb#48b3da\u00bb circle_color=\u00bb#000000&#8243; circle_color_alpha=\u00bb0.15&#8243; _builder_version=\u00bb4.27.2&#8243; _module_preset=\u00bbdefault\u00bb title_font=\u00bb|800|||||||\u00bb title_text_color=\u00bb#000000&#8243; title_font_size=\u00bb21px\u00bb number_font=\u00bb|800|||||||\u00bb number_text_color=\u00bb#000000&#8243; max_width=\u00bb142px\u00bb global_colors_info=\u00bb{}\u00bb][\/et_pb_circle_counter][\/et_pb_column_inner][\/et_pb_row_inner][\/et_pb_column][et_pb_column type=\u00bb1_3&#8243; _builder_version=\u00bb4.16&#8243; custom_padding=\u00bb|||\u00bb global_colors_info=\u00bb{}\u00bb custom_padding__hover=\u00bb|||\u00bb][et_pb_image src=\u00bbhttps:\/\/medicalextractos.com\/2024_nueva\/wp-content\/uploads\/2025\/02\/quienes-somos-medical-extractos-2.png\u00bb title_text=\u00bbquienes-somos-medical-extractos (2)\u00bb _builder_version=\u00bb4.27.2&#8243; _module_preset=\u00bbdefault\u00bb custom_margin=\u00bb75px|||||\u00bb global_colors_info=\u00bb{}\u00bb][\/et_pb_image][et_pb_image src=\u00bbhttps:\/\/medicalextractos.com\/2024_nueva\/wp-content\/uploads\/2025\/02\/quienes-somos-medical-extractos.png\u00bb title_text=\u00bbquienes-somos-medical-extractos\u00bb _builder_version=\u00bb4.27.2&#8243; _module_preset=\u00bbdefault\u00bb global_colors_info=\u00bb{}\u00bb][\/et_pb_image][\/et_pb_column][\/et_pb_section][et_pb_section fb_built=\u00bb1&#8243; _builder_version=\u00bb4.27.2&#8243; _module_preset=\u00bbdefault\u00bb global_colors_info=\u00bb{}\u00bb][\/et_pb_section][et_pb_section fb_built=\u00bb1&#8243; _builder_version=\u00bb4.27.2&#8243; _module_preset=\u00bbdefault\u00bb custom_padding=\u00bb26px||13px|||\u00bb global_colors_info=\u00bb{}\u00bb][et_pb_row _builder_version=\u00bb4.27.2&#8243; _module_preset=\u00bbdefault\u00bb width=\u00bb100%\u00bb max_width=\u00bb1200px\u00bb custom_padding=\u00bb||17px|||\u00bb global_colors_info=\u00bb{}\u00bb][et_pb_column type=\u00bb4_4&#8243; _builder_version=\u00bb4.27.2&#8243; _module_preset=\u00bbdefault\u00bb global_colors_info=\u00bb{}\u00bb][et_pb_divider color=\u00bbrgba(0,0,0,0.33)\u00bb divider_style=\u00bbdashed\u00bb divider_weight=\u00bb2px\u00bb _builder_version=\u00bb4.27.2&#8243; _module_preset=\u00bbdefault\u00bb global_colors_info=\u00bb{}\u00bb][\/et_pb_divider][\/et_pb_column][\/et_pb_row][\/et_pb_section][et_pb_section fb_built=\u00bb1&#8243; admin_label=\u00bbSocial Proof\u00bb _builder_version=\u00bb4.27.2&#8243; _module_preset=\u00bbdefault\u00bb background_enable_color=\u00bboff\u00bb custom_padding=\u00bb0px|||||\u00bb collapsed=\u00bbon\u00bb global_colors_info=\u00bb{}\u00bb][et_pb_row _builder_version=\u00bb4.27.2&#8243; _module_preset=\u00bbdefault\u00bb custom_padding=\u00bb||||false|false\u00bb global_colors_info=\u00bb{}\u00bb][et_pb_column type=\u00bb4_4&#8243; _builder_version=\u00bb4.23.4&#8243; _module_preset=\u00bbdefault\u00bb global_colors_info=\u00bb{}\u00bb][et_pb_text _builder_version=\u00bb4.27.2&#8243; _module_preset=\u00bbdefault\u00bb text_font=\u00bb|800|||||||\u00bb text_text_color=\u00bb#48b3da\u00bb text_font_size=\u00bb17px\u00bb text_orientation=\u00bbcenter\u00bb custom_margin=\u00bb||14px|||\u00bb global_colors_info=\u00bb{}\u00bb]<\/p>\n<p>NUESTROS<\/p>\n<p>[\/et_pb_text][et_pb_text _builder_version=\u00bb4.27.2&#8243; _module_preset=\u00bbdefault\u00bb text_font=\u00bbRaleway|700|||||||\u00bb text_text_color=\u00bb#000000&#8243; text_font_size=\u00bb54px\u00bb text_orientation=\u00bbcenter\u00bb global_colors_info=\u00bb{}\u00bb]<\/p>\n<p>Registros<\/p>\n<p>[\/et_pb_text][\/et_pb_column][\/et_pb_row][et_pb_row use_custom_gutter=\u00bbon\u00bb _builder_version=\u00bb4.27.2&#8243; _module_preset=\u00bbdefault\u00bb width=\u00bb100%\u00bb max_width=\u00bb1200px\u00bb global_colors_info=\u00bb{}\u00bb][et_pb_column type=\u00bb4_4&#8243; _builder_version=\u00bb4.27.2&#8243; _module_preset=\u00bbdefault\u00bb global_colors_info=\u00bb{}\u00bb][dica_divi_carousel show_items_desktop=\u00bb3&#8243; arrow_nav=\u00bbon\u00bb dot_nav=\u00bbon\u00bb item_spacing=\u00bb25&#8243; advanced_effect=\u00bb1&#8243; arrow_nav_color=\u00bb#48b3da\u00bb arrow_bg_color=\u00bbRGBA(255,255,255,0)\u00bb dots_color=\u00bb#000000&#8243; dots_active_color=\u00bb#48b3da\u00bb arrow_position=\u00bbmiddle-outside\u00bb use_prev_icon=\u00bbon\u00bb prev_icon=\u00bb&#x34;||divi||400&#8243; _builder_version=\u00bb4.27.2&#8243; _module_preset=\u00bbdefault\u00bb custom_margin=\u00bb||||false|false\u00bb custom_padding=\u00bb||||false|false\u00bb border_width_all_item=\u00bb2px\u00bb border_color_all_item=\u00bb#48b3da\u00bb global_colors_info=\u00bb{}\u00bb][dica_divi_carouselitem title=\u00bbLicencia para el cultivo de Plantas de Cannabis Psicoactivo\u00bb button_url_new_window=\u00bb1&#8243; image=\u00bbhttps:\/\/medicalextractos.com\/2024_nueva\/wp-content\/uploads\/2025\/02\/licencias.png\u00bb image_padding=\u00bb30px|100px|30px|100px|false|true\u00bb content_padding=\u00bb||95px||false|false\u00bb custom_padding=\u00bb|40px|33px|40px|false|true\u00bb _builder_version=\u00bb4.27.2&#8243; _module_preset=\u00bbdefault\u00bb header_font=\u00bb|800|||||||\u00bb header_text_align=\u00bbleft\u00bb header_line_height=\u00bb1em\u00bb subtitle_font=\u00bb||||||||\u00bb subtitle_text_align=\u00bbjustify\u00bb subtitle_text_color=\u00bbrgba(0,0,0,0.52)\u00bb subtitle_font_size=\u00bb19px\u00bb body_text_align=\u00bbjustify\u00bb body_text_color=\u00bb#000000&#8243; body_font_size=\u00bb17px\u00bb body_line_height=\u00bb1.4em\u00bb background_color=\u00bb#FFFFFF\u00bb background_enable_color=\u00bbon\u00bb global_colors_info=\u00bb{}\u00bb background__hover_enabled=\u00bbon|hover\u00bb background_color__hover=\u00bbrgba(72,179,218,0.07)\u00bb background_enable_color__hover=\u00bbon\u00bb]<\/p>\n<p>Para el Cultivo de Plantas de Cannabis Psicoactivo en las modalidades de producci\u00f3n de semilla para siembra, producci\u00f3n de grano, fines cient\u00edficos y de transformaci\u00f3n de derivados otorgadas por el Ministerio de Justicia con la Resoluci\u00f3n 0553 del 22de junio de 2018.<\/p>\n<p>[\/dica_divi_carouselitem][dica_divi_carouselitem title=\u00bbInscripci\u00f3n ante el registro nacional de cultivares \u00bb button_url_new_window=\u00bb1&#8243; image=\u00bbhttps:\/\/medicalextractos.com\/2024_nueva\/wp-content\/uploads\/2025\/02\/normatividad.png\u00bb image_padding=\u00bb30px|100px|30px|100px|true|true\u00bb custom_padding=\u00bb|40px|33px|40px|false|true\u00bb _builder_version=\u00bb4.27.2&#8243; _module_preset=\u00bbdefault\u00bb header_font=\u00bb|800|||||||\u00bb header_text_align=\u00bbleft\u00bb header_line_height=\u00bb1em\u00bb subtitle_font=\u00bb||||||||\u00bb subtitle_text_align=\u00bbjustify\u00bb subtitle_text_color=\u00bbrgba(0,0,0,0.52)\u00bb subtitle_font_size=\u00bb19px\u00bb body_text_align=\u00bbjustify\u00bb body_text_color=\u00bb#000000&#8243; body_font_size=\u00bb17px\u00bb body_line_height=\u00bb1.4em\u00bb background_color=\u00bb#FFFFFF\u00bb background_enable_color=\u00bbon\u00bb global_colors_info=\u00bb{}\u00bb background__hover_enabled=\u00bbon|hover\u00bb background_color__hover=\u00bbrgba(72,179,218,0.07)\u00bb background_enable_color__hover=\u00bbon\u00bb]<\/p>\n<p>Inscripcion ante el registro nacional de cultivares 5 gen\u00e9ticas con porcentajes mayores al 20% de THC\u00a0 con las resoluciones 00003659, 00003660, 00003661, 00003662 y 00003663 del 4 de abril del 2023 para la subregi\u00f3n andina de 800 a 1.800 msnm\u00a0 con este registro nos encontramos listos para la comercializaci\u00f3n nacional de flores y semillas y nos encontramos finalizando el\u00a0 proceso para la inscripci\u00f3n como exportador.<\/p>\n<p>[\/dica_divi_carouselitem][dica_divi_carouselitem title=\u00bbRegistro de 20 variedades de semillas como fuente semillera pre-existente\u00bb button_url_new_window=\u00bb1&#8243; image=\u00bbhttps:\/\/medicalextractos.com\/2024_nueva\/wp-content\/uploads\/2025\/02\/archivo-de-registro.png\u00bb image_padding=\u00bb30px|100px|30px|100px|true|true\u00bb content_padding=\u00bb||53px||false|false\u00bb custom_padding=\u00bb|40px|33px|40px|false|true\u00bb _builder_version=\u00bb4.27.2&#8243; _module_preset=\u00bbdefault\u00bb header_font=\u00bb|800|||||||\u00bb header_text_align=\u00bbleft\u00bb header_line_height=\u00bb1em\u00bb subtitle_font=\u00bb||||||||\u00bb subtitle_text_align=\u00bbjustify\u00bb subtitle_text_color=\u00bbrgba(0,0,0,0.52)\u00bb subtitle_font_size=\u00bb19px\u00bb body_text_align=\u00bbjustify\u00bb body_text_color=\u00bb#000000&#8243; body_font_size=\u00bb17px\u00bb body_line_height=\u00bb1.4em\u00bb background_color=\u00bb#FFFFFF\u00bb background_enable_color=\u00bbon\u00bb global_colors_info=\u00bb{}\u00bb background__hover_enabled=\u00bbon|hover\u00bb background_color__hover=\u00bbrgba(72,179,218,0.07)\u00bb background_enable_color__hover=\u00bbon\u00bb]<\/p>\n<p>El Registro de\u00a020 variedadesde Semillas, como \u201cfuente semillera pre-existente\u201d (6 altas en CBD y 14 altas en THC) las cuales se registraron el 10 de abril de 2018, para poder realizar el respectivo registro como cultivar comercial para Colombia. Y desde las cuales podemos crear nuevas variedades para su registro en Colombia.<\/p>\n<p>[\/dica_divi_carouselitem][dica_divi_carouselitem title=\u00bbResoluci\u00f3n como productor de semilla seleccionada \u00bb button_url_new_window=\u00bb1&#8243; image=\u00bbhttps:\/\/medicalextractos.com\/2024_nueva\/wp-content\/uploads\/2025\/02\/resolucion.png\u00bb image_padding=\u00bb30px|100px|30px|100px|true|true\u00bb content_padding=\u00bb||146px||false|false\u00bb custom_padding=\u00bb|40px|33px|40px|false|true\u00bb _builder_version=\u00bb4.27.2&#8243; _module_preset=\u00bbdefault\u00bb header_font=\u00bb|800|||||||\u00bb header_text_align=\u00bbleft\u00bb header_line_height=\u00bb1em\u00bb subtitle_font=\u00bb||||||||\u00bb subtitle_text_align=\u00bbjustify\u00bb subtitle_text_color=\u00bbrgba(0,0,0,0.52)\u00bb subtitle_font_size=\u00bb19px\u00bb body_text_align=\u00bbjustify\u00bb body_text_color=\u00bb#000000&#8243; body_font_size=\u00bb17px\u00bb body_line_height=\u00bb1.4em\u00bb background_color=\u00bb#FFFFFF\u00bb background_enable_color=\u00bbon\u00bb global_colors_info=\u00bb{}\u00bb background__hover_enabled=\u00bbon|hover\u00bb background_color__hover=\u00bbrgba(72,179,218,0.07)\u00bb background_enable_color__hover=\u00bbon\u00bb]<\/p>\n<p>Resoluci\u00f3n como \u201cProductor de Semilla Seleccionada\u201d y \u201cUnidad de Investigaci\u00f3n en Fito mejoramiento\u201d. Lo que nos permite producir semillas sexuales y asexuales (esquejes, micro propagaci\u00f3n).<\/p>\n<p>[\/dica_divi_carouselitem][dica_divi_carouselitem title=\u00bbLicencia para fabricaci\u00f3n de derivados de Cannabis\u00bb button_url_new_window=\u00bb1&#8243; image=\u00bbhttps:\/\/medicalextractos.com\/2024_nueva\/wp-content\/uploads\/2025\/02\/calidad.png\u00bb image_padding=\u00bb30px|100px|30px|100px|true|true\u00bb content_padding=\u00bb||146px||false|false\u00bb custom_padding=\u00bb|40px|33px|40px|false|true\u00bb _builder_version=\u00bb4.27.2&#8243; _module_preset=\u00bbdefault\u00bb header_font=\u00bb|800|||||||\u00bb header_text_align=\u00bbleft\u00bb header_line_height=\u00bb1em\u00bb subtitle_font=\u00bb||||||||\u00bb subtitle_text_align=\u00bbjustify\u00bb subtitle_text_color=\u00bbrgba(0,0,0,0.52)\u00bb subtitle_font_size=\u00bb19px\u00bb body_text_align=\u00bbjustify\u00bb body_text_color=\u00bb#000000&#8243; body_font_size=\u00bb17px\u00bb body_line_height=\u00bb1.4em\u00bb background_color=\u00bb#FFFFFF\u00bb background_enable_color=\u00bbon\u00bb global_colors_info=\u00bb{}\u00bb background__hover_enabled=\u00bbon|hover\u00bb background_color__hover=\u00bbrgba(72,179,218,0.07)\u00bb background_enable_color__hover=\u00bbon\u00bb]<\/p>\n<p>Para fabricaci\u00f3n de derivados de Cannabis, bajo las modalidades de uso nacional, investigaci\u00f3n cient\u00edfica y exportaci\u00f3n, otorgada por el Ministerio de Salud con la Resoluci\u00f3n 923 del 12 de junio de 2020.<\/p>\n<p>[\/dica_divi_carouselitem][dica_divi_carouselitem title=\u00bbInclusi\u00f3n de 20 variedades de c\u00e1\u00f1amo\u00bb button_url_new_window=\u00bb1&#8243; image=\u00bbhttps:\/\/medicalextractos.com\/2024_nueva\/wp-content\/uploads\/2025\/02\/sostenibilidad.png\u00bb image_padding=\u00bb30px|100px|30px|100px|true|true\u00bb content_padding=\u00bb||192px||false|false\u00bb custom_padding=\u00bb|40px|33px|40px|false|true\u00bb _builder_version=\u00bb4.27.2&#8243; _module_preset=\u00bbdefault\u00bb header_font=\u00bb|800|||||||\u00bb header_text_align=\u00bbleft\u00bb header_line_height=\u00bb1em\u00bb subtitle_font=\u00bb||||||||\u00bb subtitle_text_align=\u00bbjustify\u00bb subtitle_text_color=\u00bbrgba(0,0,0,0.52)\u00bb subtitle_font_size=\u00bb19px\u00bb body_text_align=\u00bbjustify\u00bb body_text_color=\u00bb#000000&#8243; body_font_size=\u00bb17px\u00bb body_line_height=\u00bb1.4em\u00bb background_color=\u00bb#FFFFFF\u00bb background_enable_color=\u00bbon\u00bb global_colors_info=\u00bb{}\u00bb background__hover_enabled=\u00bbon|hover\u00bb background_color__hover=\u00bbrgba(72,179,218,0.07)\u00bb background_enable_color__hover=\u00bbon\u00bb]<\/p>\n<p>Inclusi\u00f3n de 20 variedades de c\u00e1\u00f1amo a la fuente semillera mediante oficio ICA20232005461 otorgado el pasado 19 de marzo de 2023 por el ICA.<\/p>\n<p>[\/dica_divi_carouselitem][\/dica_divi_carousel][\/et_pb_column][\/et_pb_row][\/et_pb_section]<\/p>\n","protected":false},"excerpt":{"rendered":"<p>NOSOTROSSOMOS UNA EMPRESAColombianaDedicada a trabajar con Cannabis natural, de calidad m\u00e9dica, en todas las etapas para la elaboraci\u00f3n de productos medicinales, industriales, cosm\u00e9ticos, alimenticios y cient\u00edficos. Lo que incluye su cultivo, transformaci\u00f3n, producci\u00f3n, comercializaci\u00f3n de derivados, as\u00ed como la inversi\u00f3n investigaci\u00f3n, tecnolog\u00eda y el desarrollo cient\u00edfico. Ofreciendo a los pacientes la posibilidad de usar el [&hellip;]<\/p>\n","protected":false},"author":1,"featured_media":0,"parent":0,"menu_order":0,"comment_status":"closed","ping_status":"closed","template":"","meta":{"_et_pb_use_builder":"on","_et_pb_old_content":"<!-- wp:divi\/placeholder \/-->","_et_gb_content_width":"","_joinchat":[],"footnotes":""},"class_list":["post-35","page","type-page","status-publish","hentry"],"_links":{"self":[{"href":"https:\/\/medicalextractos.com\/2024_nueva\/wp-json\/wp\/v2\/pages\/35","targetHints":{"allow":["GET"]}}],"collection":[{"href":"https:\/\/medicalextractos.com\/2024_nueva\/wp-json\/wp\/v2\/pages"}],"about":[{"href":"https:\/\/medicalextractos.com\/2024_nueva\/wp-json\/wp\/v2\/types\/page"}],"author":[{"embeddable":true,"href":"https:\/\/medicalextractos.com\/2024_nueva\/wp-json\/wp\/v2\/users\/1"}],"replies":[{"embeddable":true,"href":"https:\/\/medicalextractos.com\/2024_nueva\/wp-json\/wp\/v2\/comments?post=35"}],"version-history":[{"count":50,"href":"https:\/\/medicalextractos.com\/2024_nueva\/wp-json\/wp\/v2\/pages\/35\/revisions"}],"predecessor-version":[{"id":1199,"href":"https:\/\/medicalextractos.com\/2024_nueva\/wp-json\/wp\/v2\/pages\/35\/revisions\/1199"}],"wp:attachment":[{"href":"https:\/\/medicalextractos.com\/2024_nueva\/wp-json\/wp\/v2\/media?parent=35"}],"curies":[{"name":"wp","href":"https:\/\/api.w.org\/{rel}","templated":true}]}}