{"id":282,"date":"2024-04-30T10:53:05","date_gmt":"2024-04-30T10:53:05","guid":{"rendered":"https:\/\/medicalextractos.com\/2024_nueva\/?page_id=282"},"modified":"2025-04-04T17:27:56","modified_gmt":"2025-04-04T17:27:56","slug":"innovacion","status":"publish","type":"page","link":"https:\/\/medicalextractos.com\/2024_nueva\/innovacion\/","title":{"rendered":"Innovaci\u00f3n"},"content":{"rendered":"<p>[et_pb_section fb_built=\u00bb1&#8243; _builder_version=\u00bb4.27.2&#8243; _module_preset=\u00bbdefault\u00bb background_color=\u00bb#48b3da\u00bb background_image=\u00bbhttps:\/\/medicalextractos.com\/2024_nueva\/wp-content\/uploads\/2025\/02\/innovacion-medical-extractos.jpeg\u00bb background_blend=\u00bbmultiply\u00bb custom_padding=\u00bb160px||160px||true|false\u00bb global_colors_info=\u00bb{}\u00bb][et_pb_row _builder_version=\u00bb4.23.4&#8243; _module_preset=\u00bbdefault\u00bb global_colors_info=\u00bb{}\u00bb][et_pb_column type=\u00bb4_4&#8243; _builder_version=\u00bb4.23.4&#8243; _module_preset=\u00bbdefault\u00bb global_colors_info=\u00bb{}\u00bb][et_pb_text _builder_version=\u00bb4.27.2&#8243; _module_preset=\u00bbdefault\u00bb text_font=\u00bb|800|||||||\u00bb text_text_color=\u00bb#FFFFFF\u00bb text_font_size=\u00bb60px\u00bb text_line_height=\u00bb1.9em\u00bb custom_margin=\u00bb||-2px|||\u00bb global_colors_info=\u00bb{}\u00bb]<\/p>\n<p style=\"text-align: center;\">INNOVACI\u00d3N<\/p>\n<p>[\/et_pb_text][\/et_pb_column][\/et_pb_row][\/et_pb_section][et_pb_section fb_built=\u00bb1&#8243; _builder_version=\u00bb4.23.4&#8243; _module_preset=\u00bbdefault\u00bb global_colors_info=\u00bb{}\u00bb][et_pb_row column_structure=\u00bb1_2,1_2&#8243; _builder_version=\u00bb4.23.4&#8243; _module_preset=\u00bbdefault\u00bb global_colors_info=\u00bb{}\u00bb][et_pb_column type=\u00bb1_2&#8243; _builder_version=\u00bb4.23.4&#8243; _module_preset=\u00bbdefault\u00bb global_colors_info=\u00bb{}\u00bb][et_pb_text _builder_version=\u00bb4.27.2&#8243; _module_preset=\u00bbdefault\u00bb text_font=\u00bb|800|||||||\u00bb text_text_color=\u00bb#48b3da\u00bb text_font_size=\u00bb17px\u00bb custom_margin=\u00bb||-1px|||\u00bb global_colors_info=\u00bb{}\u00bb]<\/p>\n<p>MEDICAL EXTRACTOS<\/p>\n<p>[\/et_pb_text][et_pb_text _builder_version=\u00bb4.27.2&#8243; _module_preset=\u00bbdefault\u00bb text_font=\u00bb|800|||||||\u00bb text_text_color=\u00bb#000000&#8243; text_font_size=\u00bb30px\u00bb text_line_height=\u00bb1.9em\u00bb custom_margin=\u00bb||-2px|||\u00bb custom_padding=\u00bb0px|||||\u00bb global_colors_info=\u00bb{}\u00bb]<\/p>\n<p>CULTIVO Y TERRENOS<\/p>\n<p>[\/et_pb_text][et_pb_text _builder_version=\u00bb4.27.2&#8243; _module_preset=\u00bbdefault\u00bb text_font=\u00bb||||||||\u00bb text_text_color=\u00bb#000000&#8243; text_font_size=\u00bb18px\u00bb text_orientation=\u00bbjustified\u00bb custom_margin=\u00bb1px||14px|||\u00bb global_colors_info=\u00bb{}\u00bb]<\/p>\n<div data-message-id=\"spaces\/pnvyP6tf47EB\/messages\/1740673876362927\" jscontroller=\"RrV5Ic\" jsaction=\"JIbuQc:yyLnsd(iJEnyb),yFT8A(RNMM1e),Cg1Rgf(EZbOH);aYKJKb:Wl4lnf;BqVjkc:CNJiMe\">\n<div class=\"jO4O1\">\n<div class=\"ptNLrf\">\n<div jsname=\"dTKtvb\">\n<div jscontroller=\"RrV5Ic\" jsaction=\"rcuQ6b:XZyPzc\" data-is-tv=\"false\">\n<p><span style=\"font-size: 18px;\">Somos una empresa con un enfoque en la innovaci\u00f3n de procesos y productos, comprometida con el desarrollo continuo y la optimizaci\u00f3n de nuestros cultivos. Nuestra ubicaci\u00f3n estrat\u00e9gica en Colombia nos brinda condiciones clim\u00e1ticas excepcionales, lo que permite una producci\u00f3n eficiente y sostenida de cannabis.<\/span><\/p>\n<p><span style=\"font-size: 18px;\"><\/span><\/p>\n<div data-message-id=\"spaces\/pnvyP6tf47EB\/messages\/1740674078636895\" jscontroller=\"RrV5Ic\" jsaction=\"JIbuQc:yyLnsd(iJEnyb),yFT8A(RNMM1e),Cg1Rgf(EZbOH);aYKJKb:Wl4lnf;BqVjkc:CNJiMe\">\n<div class=\"jO4O1\">\n<div class=\"ptNLrf\">\n<div jsname=\"dTKtvb\">\n<div jscontroller=\"RrV5Ic\" jsaction=\"rcuQ6b:XZyPzc\" data-is-tv=\"false\">Nos enfocamos en la investigaci\u00f3n y estandarizaci\u00f3n de procesos de producci\u00f3n, as\u00ed como en la selecci\u00f3n de variedades con cannabinoides potencializados, garantizando productos de alta calidad y eficiencia.<\/div>\n<\/div>\n<\/div>\n<\/div>\n<\/div>\n<\/div>\n<\/div>\n<\/div>\n<\/div>\n<\/div>\n<p><span><\/span><\/p>\n<p>[\/et_pb_text][\/et_pb_column][et_pb_column type=\u00bb1_2&#8243; _builder_version=\u00bb4.23.4&#8243; _module_preset=\u00bbdefault\u00bb global_colors_info=\u00bb{}\u00bb][et_pb_image src=\u00bbhttps:\/\/medicalextractos.com\/2024_nueva\/wp-content\/uploads\/2024\/04\/innovacion-medical_extractos.jpg\u00bb title_text=\u00bbinnovacion-medical_extractos\u00bb _builder_version=\u00bb4.27.2&#8243; _module_preset=\u00bbdefault\u00bb global_colors_info=\u00bb{}\u00bb][\/et_pb_image][\/et_pb_column][\/et_pb_row][et_pb_row column_structure=\u00bb1_2,1_2&#8243; _builder_version=\u00bb4.23.4&#8243; _module_preset=\u00bbdefault\u00bb width=\u00bb90.9%\u00bb custom_padding=\u00bb|0px||||\u00bb global_colors_info=\u00bb{}\u00bb][et_pb_column type=\u00bb1_2&#8243; _builder_version=\u00bb4.23.4&#8243; _module_preset=\u00bbdefault\u00bb global_colors_info=\u00bb{}\u00bb][et_pb_image src=\u00bbhttps:\/\/medicalextractos.com\/2024_nueva\/wp-content\/uploads\/2024\/10\/REPRODUCCIOIN-INVITRO_medicalextractos.png\u00bb title_text=\u00bbREPRODUCCI\u00d3IN INVITRO_medicalextractos\u00bb _builder_version=\u00bb4.27.2&#8243; _module_preset=\u00bbdefault\u00bb hover_enabled=\u00bb0&#8243; global_colors_info=\u00bb{}\u00bb force_fullwidth=\u00bbon\u00bb min_height=\u00bb460px\u00bb sticky_enabled=\u00bb0&#8243;][\/et_pb_image][\/et_pb_column][et_pb_column type=\u00bb1_2&#8243; _builder_version=\u00bb4.23.4&#8243; _module_preset=\u00bbdefault\u00bb global_colors_info=\u00bb{}\u00bb][et_pb_text _builder_version=\u00bb4.27.2&#8243; _module_preset=\u00bbdefault\u00bb text_font=\u00bb|800|||||||\u00bb text_text_color=\u00bb#48b3da\u00bb text_font_size=\u00bb17px\u00bb custom_margin=\u00bb||-1px|||\u00bb global_colors_info=\u00bb{}\u00bb]<\/p>\n<p>BANCO DE GERMOPLASMA \/ MEDICAL EXTRACTOS<\/p>\n<p>[\/et_pb_text][et_pb_text _builder_version=\u00bb4.27.2&#8243; _module_preset=\u00bbdefault\u00bb text_font=\u00bb|800|||||||\u00bb text_text_color=\u00bb#000000&#8243; text_font_size=\u00bb30px\u00bb text_line_height=\u00bb1.9em\u00bb custom_margin=\u00bb||-2px|||\u00bb custom_padding=\u00bb0px|||||\u00bb global_colors_info=\u00bb{}\u00bb]<\/p>\n<p>PARA LA REPRODUCCI\u00d3N INVITRO<\/p>\n<p>[\/et_pb_text][et_pb_accordion open_toggle_text_color=\u00bb#000000&#8243; closed_toggle_text_color=\u00bb#000000&#8243; icon_color=\u00bb#48b3da\u00bb _builder_version=\u00bb4.27.2&#8243; _module_preset=\u00bbdefault\u00bb toggle_text_color=\u00bb#000000&#8243; toggle_font=\u00bb|600|||||||\u00bb toggle_font_size=\u00bb18px\u00bb closed_toggle_font_size=\u00bb18px\u00bb body_text_color=\u00bb#000000&#8243; hover_enabled=\u00bb0&#8243; global_colors_info=\u00bb{}\u00bb theme_builder_area=\u00bbpost_content\u00bb sticky_enabled=\u00bb0&#8243;][et_pb_accordion_item title=\u00bbBanco de germoplasma\u00bb open=\u00bbon\u00bb _builder_version=\u00bb4.27.2&#8243; _module_preset=\u00bbdefault\u00bb hover_enabled=\u00bb0&#8243; global_colors_info=\u00bb{}\u00bb theme_builder_area=\u00bbpost_content\u00bb sticky_enabled=\u00bb0&#8243;]<\/p>\n<p style=\"text-align: justify;\">Este banco permite conservar y proteger gen\u00e9ticas \u00fanicas y valiosas de diversas variedades de cannabis. Esto garantiza la preservaci\u00f3n de la gen\u00e9tica y la disponibilidad de recursos esenciales para futuros programas de mejoramiento y desarrollo de nuevas variedades.<\/p>\n<p>[\/et_pb_accordion_item][et_pb_accordion_item title=\u00bbNuestro banco de germoplasma proporciona una fuente confiable\u00bb _builder_version=\u00bb4.27.2&#8243; _module_preset=\u00bbdefault\u00bb hover_enabled=\u00bb0&#8243; global_colors_info=\u00bb{}\u00bb theme_builder_area=\u00bbpost_content\u00bb open=\u00bboff\u00bb sticky_enabled=\u00bb0&#8243;]<\/p>\n<p style=\"text-align: justify;\">Nuestro banco de germoplasma proporciona una fuente confiable y segura de material vegetal para la reproducci\u00f3n invitro, lo que facilita la producci\u00f3n masiva de pl\u00e1ntulas de cannabis con caracter\u00edsticas deseables. Esto permite a los productores y cultivadores acceder a gen\u00e9ticas superiores, aumentando la calidad y el rendimiento de sus cultivos.<\/p>\n<p>[\/et_pb_accordion_item][et_pb_accordion_item title=\u00bbOtros beneficios del banco de germoplasma\u00bb _builder_version=\u00bb4.27.2&#8243; _module_preset=\u00bbdefault\u00bb hover_enabled=\u00bb0&#8243; global_colors_info=\u00bb{}\u00bb theme_builder_area=\u00bbpost_content\u00bb open=\u00bboff\u00bb sticky_enabled=\u00bb0&#8243;]<\/p>\n<p style=\"text-align: justify;\">Otro beneficio clave es la reducci\u00f3n del riesgo de p\u00e9rdida gen\u00e9tica debido a factores como enfermedades, desastres naturales o cambios ambientales. Al conservar gen\u00e9ticas importantes en un entorno controlado, se minimiza la posibilidad de extinci\u00f3n o degradaci\u00f3n gen\u00e9tica, asegurando la disponibilidad de recursos gen\u00e9ticos para futuras generaciones.<\/p>\n<p style=\"text-align: justify;\">En resumen, un banco de germoplasma para la reproducci\u00f3n invitro del cannabis brinda seguridad, disponibilidad y diversidad gen\u00e9tica, lo que impulsa la investigaci\u00f3n, el desarrollo y la sostenibilidad a largo plazo de la industria del cannabis.<\/p>\n<p>[\/et_pb_accordion_item][\/et_pb_accordion][\/et_pb_column][\/et_pb_row][et_pb_row column_structure=\u00bb1_2,1_2&#8243; _builder_version=\u00bb4.23.4&#8243; _module_preset=\u00bbdefault\u00bb global_colors_info=\u00bb{}\u00bb][et_pb_column type=\u00bb1_2&#8243; _builder_version=\u00bb4.23.4&#8243; _module_preset=\u00bbdefault\u00bb global_colors_info=\u00bb{}\u00bb][et_pb_text _builder_version=\u00bb4.27.2&#8243; _module_preset=\u00bbdefault\u00bb text_font=\u00bb|800|||||||\u00bb text_text_color=\u00bb#48b3da\u00bb text_font_size=\u00bb17px\u00bb custom_margin=\u00bb||-1px|||\u00bb global_colors_info=\u00bb{}\u00bb]<\/p>\n<p>MEDICAL EXTRACTOS<\/p>\n<p>[\/et_pb_text][et_pb_text _builder_version=\u00bb4.27.2&#8243; _module_preset=\u00bbdefault\u00bb text_font=\u00bb|800|||||||\u00bb text_text_color=\u00bb#000000&#8243; text_font_size=\u00bb30px\u00bb text_line_height=\u00bb1.9em\u00bb custom_margin=\u00bb||-2px|||\u00bb custom_padding=\u00bb0px|||||\u00bb global_colors_info=\u00bb{}\u00bb]<\/p>\n<p>PROCESOS DE EXTRACCI\u00d3N<\/p>\n<p>[\/et_pb_text][et_pb_text _builder_version=\u00bb4.25.2&#8243; _module_preset=\u00bbdefault\u00bb text_font=\u00bb||||||||\u00bb text_text_color=\u00bb#000000&#8243; text_font_size=\u00bb18px\u00bb text_orientation=\u00bbjustified\u00bb min_height=\u00bb405.2px\u00bb custom_margin=\u00bb1px||14px|||\u00bb global_colors_info=\u00bb{}\u00bb]<\/p>\n<p>Nuestra labor se enfoca en la investigaci\u00f3n y desarrollo de m\u00e9todos de extracci\u00f3n innovadores, con el objetivo primordial de alcanzar niveles superiores de efectividad, eficiencia y eficacia. Nos esforzamos por garantizar la obtenci\u00f3n de una calidad farmac\u00e9utica \u00f3ptima, minimizando en todo momento la presencia de residuos no deseados.<br \/>Adem\u00e1s, nos dedicamos a perfeccionar los procesos relacionados con la extracci\u00f3n, almacenamiento, separaci\u00f3n y aplicaci\u00f3n de formas \u00e1cidas de cannabinoides, como el THCa y el CBDa, as\u00ed como de otros cannabinoides relevantes, Este enfoque nos permite satisfacer las demandas crecientes de la industria, asegurando la entrega de productos de alta calidad y seguridad para nuestros pacientes.<\/p>\n<p>&nbsp;<\/p>\n<p><span><\/span><\/p>\n<p>[\/et_pb_text][\/et_pb_column][et_pb_column type=\u00bb1_2&#8243; _builder_version=\u00bb4.23.4&#8243; _module_preset=\u00bbdefault\u00bb global_colors_info=\u00bb{}\u00bb][et_pb_image src=\u00bbhttps:\/\/medicalextractos.com\/2024_nueva\/wp-content\/uploads\/2024\/10\/EXTRACTOS-DE-CANNABIS_medicalextractos.png\u00bb title_text=\u00bbEXTRACTOS DE CANNABIS_medicalextractos\u00bb _builder_version=\u00bb4.27.2&#8243; _module_preset=\u00bbdefault\u00bb global_colors_info=\u00bb{}\u00bb][\/et_pb_image][\/et_pb_column][\/et_pb_row][\/et_pb_section]<\/p>\n","protected":false},"excerpt":{"rendered":"<p>INNOVACI\u00d3NMEDICAL EXTRACTOSCULTIVO Y TERRENOS Somos una empresa con un enfoque en la innovaci\u00f3n de procesos y productos, comprometida con el desarrollo continuo y la optimizaci\u00f3n de nuestros cultivos. Nuestra ubicaci\u00f3n estrat\u00e9gica en Colombia nos brinda condiciones clim\u00e1ticas excepcionales, lo que permite una producci\u00f3n eficiente y sostenida de cannabis. Nos enfocamos en la investigaci\u00f3n y estandarizaci\u00f3n [&hellip;]<\/p>\n","protected":false},"author":1,"featured_media":0,"parent":0,"menu_order":0,"comment_status":"closed","ping_status":"closed","template":"","meta":{"_et_pb_use_builder":"on","_et_pb_old_content":"","_et_gb_content_width":"","_joinchat":[],"footnotes":""},"class_list":["post-282","page","type-page","status-publish","hentry"],"_links":{"self":[{"href":"https:\/\/medicalextractos.com\/2024_nueva\/wp-json\/wp\/v2\/pages\/282","targetHints":{"allow":["GET"]}}],"collection":[{"href":"https:\/\/medicalextractos.com\/2024_nueva\/wp-json\/wp\/v2\/pages"}],"about":[{"href":"https:\/\/medicalextractos.com\/2024_nueva\/wp-json\/wp\/v2\/types\/page"}],"author":[{"embeddable":true,"href":"https:\/\/medicalextractos.com\/2024_nueva\/wp-json\/wp\/v2\/users\/1"}],"replies":[{"embeddable":true,"href":"https:\/\/medicalextractos.com\/2024_nueva\/wp-json\/wp\/v2\/comments?post=282"}],"version-history":[{"count":21,"href":"https:\/\/medicalextractos.com\/2024_nueva\/wp-json\/wp\/v2\/pages\/282\/revisions"}],"predecessor-version":[{"id":1406,"href":"https:\/\/medicalextractos.com\/2024_nueva\/wp-json\/wp\/v2\/pages\/282\/revisions\/1406"}],"wp:attachment":[{"href":"https:\/\/medicalextractos.com\/2024_nueva\/wp-json\/wp\/v2\/media?parent=282"}],"curies":[{"name":"wp","href":"https:\/\/api.w.org\/{rel}","templated":true}]}}