{"id":267,"date":"2024-04-30T10:30:26","date_gmt":"2024-04-30T10:30:26","guid":{"rendered":"https:\/\/medicalextractos.com\/2024_nueva\/?page_id=267"},"modified":"2025-03-13T16:04:17","modified_gmt":"2025-03-13T16:04:17","slug":"objeto-social","status":"publish","type":"page","link":"https:\/\/medicalextractos.com\/2024_nueva\/objeto-social\/","title":{"rendered":"Objeto social"},"content":{"rendered":"<p>[et_pb_section fb_built=\u00bb1&#8243; _builder_version=\u00bb4.27.2&#8243; _module_preset=\u00bbdefault\u00bb background_color=\u00bbrgba(72,179,218,0.81)\u00bb background_image=\u00bbhttps:\/\/medicalextractos.com\/2024_nueva\/wp-content\/uploads\/2025\/03\/objeto-social-medical-extractos.jpeg\u00bb background_blend=\u00bbmultiply\u00bb custom_padding=\u00bb160px||160px||true|false\u00bb global_colors_info=\u00bb{}\u00bb][et_pb_row _builder_version=\u00bb4.23.4&#8243; _module_preset=\u00bbdefault\u00bb global_colors_info=\u00bb{}\u00bb][et_pb_column type=\u00bb4_4&#8243; _builder_version=\u00bb4.23.4&#8243; _module_preset=\u00bbdefault\u00bb global_colors_info=\u00bb{}\u00bb][et_pb_text _builder_version=\u00bb4.27.2&#8243; _module_preset=\u00bbdefault\u00bb text_font=\u00bb|800|||||||\u00bb text_text_color=\u00bb#FFFFFF\u00bb text_font_size=\u00bb60px\u00bb text_line_height=\u00bb1.9em\u00bb custom_margin=\u00bb||-2px|||\u00bb global_colors_info=\u00bb{}\u00bb]<\/p>\n<p style=\"text-align: center;\">OBJETO SOCIAL<\/p>\n<p>[\/et_pb_text][\/et_pb_column][\/et_pb_row][\/et_pb_section][et_pb_section fb_built=\u00bb1&#8243; _builder_version=\u00bb4.27.2&#8243; _module_preset=\u00bbdefault\u00bb custom_padding=\u00bb84px||||false|false\u00bb global_colors_info=\u00bb{}\u00bb][et_pb_row column_structure=\u00bb3_5,2_5&#8243; _builder_version=\u00bb4.23.4&#8243; _module_preset=\u00bbdefault\u00bb global_colors_info=\u00bb{}\u00bb][et_pb_column type=\u00bb3_5&#8243; _builder_version=\u00bb4.23.4&#8243; _module_preset=\u00bbdefault\u00bb global_colors_info=\u00bb{}\u00bb][et_pb_text _builder_version=\u00bb4.27.2&#8243; _module_preset=\u00bbdefault\u00bb text_font=\u00bb|800|||||||\u00bb text_text_color=\u00bb#48b3da\u00bb text_font_size=\u00bb17px\u00bb custom_margin=\u00bb||-1px|||\u00bb global_colors_info=\u00bb{}\u00bb]<\/p>\n<p>EN MEDICAL EXTRACTOS S.A.S<\/p>\n<p>[\/et_pb_text][et_pb_text _builder_version=\u00bb4.27.2&#8243; _module_preset=\u00bbdefault\u00bb text_font=\u00bb|800|||||||\u00bb text_text_color=\u00bb#000000&#8243; text_font_size=\u00bb30px\u00bb text_line_height=\u00bb1.9em\u00bb custom_margin=\u00bb||-2px|||\u00bb custom_padding=\u00bb0px|||||\u00bb global_colors_info=\u00bb{}\u00bb]<\/p>\n<p>SOMOS UNA EMPRESA<\/p>\n<p>[\/et_pb_text][et_pb_text _builder_version=\u00bb4.27.2&#8243; _module_preset=\u00bbdefault\u00bb text_font=\u00bb||||||||\u00bb text_text_color=\u00bb#000000&#8243; text_font_size=\u00bb18px\u00bb text_orientation=\u00bbjustified\u00bb custom_margin=\u00bb1px||14px|||\u00bb global_colors_info=\u00bb{}\u00bb]<\/p>\n<p>Colombiana dedicada a trabajar con Cannabis natural, de calidad m\u00e9dica, en todas las etapas para la elaboraci\u00f3n de productos medicinales, industriales, cosm\u00e9ticos, alimenticios y cient\u00edficos. Lo que incluye su cultivo, transformaci\u00f3n, producci\u00f3n, comercializaci\u00f3n de derivados, as\u00ed como la inversi\u00f3n investigaci\u00f3n, tecnolog\u00eda y el desarrollo cient\u00edfico. Ofreciendo a los pacientes la posibilidad de usar el Cannabis para sus tratamientos y en general para el beneficio de las comunidades. Tiene como objeto social ofrecer a la comunidad, los empresarios y pacientes la posibilidad de usar cannabis para sus tratamientos, negocios y actividades y en general para el beneficio de la colectividad.<\/p>\n<p>Los objetivos para MEDIAL EXTRACTOS SAS dependen de varios factores, tales como: tipo de negocio (cultivo, distribuci\u00f3n, venta al por menor, productos derivados, etc.), mercado objetivo, ubicaci\u00f3n geogr\u00e1fica y regulaci\u00f3n legal entre otros.<\/p>\n<p><span><\/span><\/p>\n<p>[\/et_pb_text][et_pb_button button_text=\u00bbCont\u00e1ctate con nosotros\u00bb _builder_version=\u00bb4.27.2&#8243; _module_preset=\u00bbdefault\u00bb custom_button=\u00bbon\u00bb button_text_color=\u00bb#FFFFFF\u00bb button_bg_color=\u00bb#48b3da\u00bb button_border_color=\u00bb#48b3da\u00bb button_border_radius=\u00bb16px\u00bb button_font=\u00bb|800|||||||\u00bb button_icon=\u00bb&#x45;||divi||400&#8243; custom_margin=\u00bb13px|||||\u00bb global_colors_info=\u00bb{}\u00bb button_bg_color__hover_enabled=\u00bbon|hover\u00bb button_bg_color__hover=\u00bb#FFFFFF\u00bb button_bg_enable_color__hover=\u00bbon\u00bb button_text_color__hover_enabled=\u00bbon|desktop\u00bb button_text_color__hover=\u00bb#48b3da\u00bb][\/et_pb_button][\/et_pb_column][et_pb_column type=\u00bb2_5&#8243; _builder_version=\u00bb4.23.4&#8243; _module_preset=\u00bbdefault\u00bb global_colors_info=\u00bb{}\u00bb][et_pb_video src_webm=\u00bbhttps:\/\/medicalextractos.com\/2024_nueva\/wp-content\/uploads\/2025\/03\/reel-medical-extractos.mp4&#8243; _builder_version=\u00bb4.27.2&#8243; _module_preset=\u00bbdefault\u00bb custom_margin=\u00bb100px||||false|false\u00bb global_colors_info=\u00bb{}\u00bb][\/et_pb_video][\/et_pb_column][\/et_pb_row][\/et_pb_section][et_pb_section fb_built=\u00bb1&#8243; _builder_version=\u00bb4.25.2&#8243; _module_preset=\u00bbdefault\u00bb custom_padding=\u00bb0px||35px|||\u00bb global_colors_info=\u00bb{}\u00bb][et_pb_row use_custom_gutter=\u00bbon\u00bb gutter_width=\u00bb1&#8243; make_equal=\u00bbon\u00bb _builder_version=\u00bb4.27.2&#8243; _module_preset=\u00bbdefault\u00bb width=\u00bb100%\u00bb max_width=\u00bb2000px\u00bb module_alignment=\u00bbcenter\u00bb global_colors_info=\u00bb{}\u00bb][et_pb_column type=\u00bb4_4&#8243; _builder_version=\u00bb4.25.2&#8243; _module_preset=\u00bbdefault\u00bb global_colors_info=\u00bb{}\u00bb][et_pb_image src=\u00bbhttps:\/\/medicalextractos.com\/2024_nueva\/wp-content\/uploads\/2025\/03\/invernadero-medical-extractos.jpg\u00bb title_text=\u00bbinvernadero-medical-extractos\u00bb align=\u00bbcenter\u00bb force_fullwidth=\u00bbon\u00bb _builder_version=\u00bb4.27.2&#8243; _module_preset=\u00bbdefault\u00bb min_height=\u00bb100px\u00bb height=\u00bb418px\u00bb global_colors_info=\u00bb{}\u00bb][\/et_pb_image][\/et_pb_column][\/et_pb_row][\/et_pb_section][et_pb_section fb_built=\u00bb1&#8243; _builder_version=\u00bb4.27.2&#8243; _module_preset=\u00bbdefault\u00bb custom_padding=\u00bb17px||0px|||\u00bb global_colors_info=\u00bb{}\u00bb][et_pb_row _builder_version=\u00bb4.27.2&#8243; _module_preset=\u00bbdefault\u00bb custom_padding=\u00bb||15px|||\u00bb global_colors_info=\u00bb{}\u00bb][et_pb_column type=\u00bb4_4&#8243; _builder_version=\u00bb4.27.2&#8243; _module_preset=\u00bbdefault\u00bb global_colors_info=\u00bb{}\u00bb][et_pb_text _builder_version=\u00bb4.27.2&#8243; _module_preset=\u00bbdefault\u00bb text_font=\u00bb|800|||||||\u00bb text_text_color=\u00bb#48b3da\u00bb text_font_size=\u00bb17px\u00bb text_orientation=\u00bbcenter\u00bb custom_margin=\u00bb||2px||false|false\u00bb global_colors_info=\u00bb{}\u00bb]<\/p>\n<p>\u00bfPOR QU\u00c9<\/p>\n<p>[\/et_pb_text][et_pb_text _builder_version=\u00bb4.27.2&#8243; _module_preset=\u00bbdefault\u00bb text_font=\u00bb|800|||||||\u00bb text_text_color=\u00bb#000000&#8243; text_font_size=\u00bb30px\u00bb text_line_height=\u00bb1.9em\u00bb text_orientation=\u00bbcenter\u00bb custom_margin=\u00bb-11px||||false|false\u00bb custom_padding=\u00bb||||false|false\u00bb global_colors_info=\u00bb{}\u00bb]<\/p>\n<p>ELEGIRNOS?<\/p>\n<p>[\/et_pb_text][\/et_pb_column][\/et_pb_row][et_pb_row use_custom_gutter=\u00bbon\u00bb make_equal=\u00bbon\u00bb _builder_version=\u00bb4.27.2&#8243; _module_preset=\u00bbdefault\u00bb width=\u00bb100%\u00bb max_width=\u00bb1200px\u00bb global_colors_info=\u00bb{}\u00bb][et_pb_column type=\u00bb4_4&#8243; _builder_version=\u00bb4.27.2&#8243; _module_preset=\u00bbdefault\u00bb global_colors_info=\u00bb{}\u00bb][dica_divi_carousel show_items_desktop=\u00bb3&#8243; arrow_nav=\u00bbon\u00bb dot_nav=\u00bbon\u00bb item_spacing=\u00bb25&#8243; advanced_effect=\u00bb1&#8243; arrow_nav_color=\u00bb#48b3da\u00bb arrow_bg_color=\u00bbRGBA(255,255,255,0)\u00bb dots_color=\u00bb#000000&#8243; dots_active_color=\u00bb#48b3da\u00bb arrow_position=\u00bbmiddle-outside\u00bb use_prev_icon=\u00bbon\u00bb prev_icon=\u00bb&#x34;||divi||400&#8243; _builder_version=\u00bb4.27.2&#8243; _module_preset=\u00bbdefault\u00bb custom_margin=\u00bb||||false|false\u00bb custom_padding=\u00bb||||false|false\u00bb border_width_all_item=\u00bb2px\u00bb border_color_all_item=\u00bb#48b3da\u00bb global_colors_info=\u00bb{}\u00bb][dica_divi_carouselitem title=\u00bbCrecimiento de la producci\u00f3n\u00bb button_url_new_window=\u00bb1&#8243; image=\u00bbhttps:\/\/medicalextractos.com\/2024_nueva\/wp-content\/uploads\/2025\/02\/produccion.png\u00bb image_padding=\u00bb30px|100px|30px|100px|true|true\u00bb content_padding=\u00bb||70px||false|false\u00bb custom_padding=\u00bb|40px|33px|40px|false|true\u00bb _builder_version=\u00bb4.27.2&#8243; _module_preset=\u00bbdefault\u00bb header_font=\u00bb|800|||||||\u00bb header_text_align=\u00bbleft\u00bb header_line_height=\u00bb1em\u00bb subtitle_font=\u00bb||||||||\u00bb subtitle_text_align=\u00bbjustify\u00bb subtitle_text_color=\u00bbrgba(0,0,0,0.52)\u00bb subtitle_font_size=\u00bb19px\u00bb body_text_align=\u00bbjustify\u00bb body_text_color=\u00bb#000000&#8243; body_font_size=\u00bb17px\u00bb body_line_height=\u00bb1.4em\u00bb background_color=\u00bb#FFFFFF\u00bb background_enable_color=\u00bbon\u00bb global_colors_info=\u00bb{}\u00bb background__hover_enabled=\u00bbon|hover\u00bb background_color__hover=\u00bbrgba(72,179,218,0.07)\u00bb background_enable_color__hover=\u00bbon\u00bb]<\/p>\n<p>Incrementar la capacidad de producci\u00f3n de cannabis para satisfacer la demanda del mercado y expandir la base de clientes.<\/p>\n<p>[\/dica_divi_carouselitem][dica_divi_carouselitem title=\u00bbCumplimiento normativo\u00bb button_url_new_window=\u00bb1&#8243; image=\u00bbhttps:\/\/medicalextractos.com\/2024_nueva\/wp-content\/uploads\/2025\/02\/normatividad.png\u00bb image_padding=\u00bb30px|100px|30px|100px|true|true\u00bb content_padding=\u00bb||46px||false|false\u00bb custom_padding=\u00bb|40px|33px|40px|false|true\u00bb _builder_version=\u00bb4.27.2&#8243; _module_preset=\u00bbdefault\u00bb header_font=\u00bb|800|||||||\u00bb header_text_align=\u00bbleft\u00bb header_line_height=\u00bb1em\u00bb subtitle_font=\u00bb||||||||\u00bb subtitle_text_align=\u00bbjustify\u00bb subtitle_text_color=\u00bbrgba(0,0,0,0.52)\u00bb subtitle_font_size=\u00bb19px\u00bb body_text_align=\u00bbjustify\u00bb body_text_color=\u00bb#000000&#8243; body_font_size=\u00bb17px\u00bb body_line_height=\u00bb1.4em\u00bb background_color=\u00bb#FFFFFF\u00bb background_enable_color=\u00bbon\u00bb global_colors_info=\u00bb{}\u00bb background__hover_enabled=\u00bbon|hover\u00bb background_color__hover=\u00bbrgba(72,179,218,0.07)\u00bb background_enable_color__hover=\u00bbon\u00bb]<\/p>\n<p>Garantizar el cumplimiento de todas las regulaciones locales, estatales y federales relacionadas con la producci\u00f3n, distribuci\u00f3n y venta de cannabis.<\/p>\n<p>[\/dica_divi_carouselitem][dica_divi_carouselitem title=\u00bbCalidad del producto\u00bb button_url_new_window=\u00bb1&#8243; image=\u00bbhttps:\/\/medicalextractos.com\/2024_nueva\/wp-content\/uploads\/2025\/02\/calidad.png\u00bb image_padding=\u00bb30px|100px|30px|100px|true|true\u00bb content_padding=\u00bb||46px||false|false\u00bb custom_padding=\u00bb|40px|33px|40px|false|true\u00bb _builder_version=\u00bb4.27.2&#8243; _module_preset=\u00bbdefault\u00bb header_font=\u00bb|800|||||||\u00bb header_text_align=\u00bbleft\u00bb header_line_height=\u00bb1em\u00bb subtitle_font=\u00bb||||||||\u00bb subtitle_text_align=\u00bbjustify\u00bb subtitle_text_color=\u00bbrgba(0,0,0,0.52)\u00bb subtitle_font_size=\u00bb19px\u00bb body_text_align=\u00bbjustify\u00bb body_text_color=\u00bb#000000&#8243; body_font_size=\u00bb17px\u00bb body_line_height=\u00bb1.4em\u00bb background_color=\u00bb#FFFFFF\u00bb background_enable_color=\u00bbon\u00bb global_colors_info=\u00bb{}\u00bb background__hover_enabled=\u00bbon|hover\u00bb background_color__hover=\u00bbrgba(72,179,218,0.07)\u00bb background_enable_color__hover=\u00bbon\u00bb]<\/p>\n<p>Mantener altos est\u00e1ndares de calidad en todos los aspectos del proceso, desde el cultivo hasta el envasado y la distribuci\u00f3n, para construir y mantener una s\u00f3lida reputaci\u00f3n en el mercado.<\/p>\n<p>[\/dica_divi_carouselitem][dica_divi_carouselitem title=\u00bbExpansi\u00f3n del mercado\u00bb button_url_new_window=\u00bb1&#8243; image=\u00bbhttps:\/\/medicalextractos.com\/2024_nueva\/wp-content\/uploads\/2025\/02\/investigacion.png\u00bb image_padding=\u00bb30px|100px|30px|100px|true|true\u00bb content_padding=\u00bb||||false|false\u00bb custom_padding=\u00bb|40px|33px|40px|false|true\u00bb _builder_version=\u00bb4.27.2&#8243; _module_preset=\u00bbdefault\u00bb header_font=\u00bb|800|||||||\u00bb header_text_align=\u00bbleft\u00bb header_line_height=\u00bb1em\u00bb subtitle_font=\u00bb||||||||\u00bb subtitle_text_align=\u00bbjustify\u00bb subtitle_text_color=\u00bbrgba(0,0,0,0.52)\u00bb subtitle_font_size=\u00bb19px\u00bb body_text_align=\u00bbjustify\u00bb body_text_color=\u00bb#000000&#8243; body_font_size=\u00bb17px\u00bb body_line_height=\u00bb1.4em\u00bb background_color=\u00bb#FFFFFF\u00bb background_enable_color=\u00bbon\u00bb global_colors_info=\u00bb{}\u00bb background__hover_enabled=\u00bbon|hover\u00bb background_color__hover=\u00bbrgba(72,179,218,0.07)\u00bb background_enable_color__hover=\u00bbon\u00bb]<\/p>\n<p>Identificar nuevas oportunidades de mercado y expandir la presencia de la empresa en regiones adicionales o en segmentos de mercado espec\u00edficos, como productos medicinales, recreativos, o productos derivados como aceites, comestibles, etc.<\/p>\n<p>[\/dica_divi_carouselitem][dica_divi_carouselitem title=\u00bbDesarrollo de marca\u00bb button_url_new_window=\u00bb1&#8243; image=\u00bbhttps:\/\/medicalextractos.com\/2024_nueva\/wp-content\/uploads\/2025\/02\/marca.png\u00bb image_padding=\u00bb30px|100px|30px|100px|true|true\u00bb content_padding=\u00bb||47px||false|false\u00bb custom_padding=\u00bb|40px|33px|40px|false|true\u00bb _builder_version=\u00bb4.27.2&#8243; _module_preset=\u00bbdefault\u00bb header_font=\u00bb|800|||||||\u00bb header_text_align=\u00bbleft\u00bb header_line_height=\u00bb1em\u00bb subtitle_font=\u00bb||||||||\u00bb subtitle_text_align=\u00bbjustify\u00bb subtitle_text_color=\u00bbrgba(0,0,0,0.52)\u00bb subtitle_font_size=\u00bb19px\u00bb body_text_align=\u00bbjustify\u00bb body_text_color=\u00bb#000000&#8243; body_font_size=\u00bb17px\u00bb body_line_height=\u00bb1.4em\u00bb background_color=\u00bb#FFFFFF\u00bb background_enable_color=\u00bbon\u00bb global_colors_info=\u00bb{}\u00bb background__hover_enabled=\u00bbon|hover\u00bb background_color__hover=\u00bbrgba(72,179,218,0.07)\u00bb background_enable_color__hover=\u00bbon\u00bb]<\/p>\n<p>Construir y fortalecer la marca de la empresa, estableciendo una identidad \u00fanica y diferenciada que resuene con los consumidores y fomente la fidelidad a la marca.<\/p>\n<p>[\/dica_divi_carouselitem][dica_divi_carouselitem title=\u00bbInvestigaci\u00f3n y desarrollo\u00bb button_url_new_window=\u00bb1&#8243; image=\u00bbhttps:\/\/medicalextractos.com\/2024_nueva\/wp-content\/uploads\/2025\/02\/investigar.png\u00bb image_padding=\u00bb30px|100px|30px|100px|true|true\u00bb content_padding=\u00bb||47px||false|false\u00bb custom_padding=\u00bb|40px|33px|40px|false|true\u00bb _builder_version=\u00bb4.27.2&#8243; _module_preset=\u00bbdefault\u00bb header_font=\u00bb|800|||||||\u00bb header_text_align=\u00bbleft\u00bb header_line_height=\u00bb1em\u00bb subtitle_font=\u00bb||||||||\u00bb subtitle_text_align=\u00bbjustify\u00bb subtitle_text_color=\u00bbrgba(0,0,0,0.52)\u00bb subtitle_font_size=\u00bb19px\u00bb body_text_align=\u00bbjustify\u00bb body_text_color=\u00bb#000000&#8243; body_font_size=\u00bb17px\u00bb body_line_height=\u00bb1.4em\u00bb background_color=\u00bb#FFFFFF\u00bb background_enable_color=\u00bbon\u00bb global_colors_info=\u00bb{}\u00bb background__hover_enabled=\u00bbon|hover\u00bb background_color__hover=\u00bbrgba(72,179,218,0.07)\u00bb background_enable_color__hover=\u00bbon\u00bb]<\/p>\n<p style=\"text-align: center;\">Invertir en investigaci\u00f3n y desarrollo para mejorar las variedades de cannabis, desarrollar nuevos productos, y explorar aplicaciones m\u00e9dicas y terap\u00e9uticas.<\/p>\n<ol><\/ol>\n<p>[\/dica_divi_carouselitem][dica_divi_carouselitem title=\u00bbSostenibilidad\u00bb button_url_new_window=\u00bb1&#8243; image=\u00bbhttps:\/\/medicalextractos.com\/2024_nueva\/wp-content\/uploads\/2025\/02\/sostenibilidad.png\u00bb image_padding=\u00bb30px|100px|30px|100px|true|true\u00bb content_padding=\u00bb||23px||false|false\u00bb custom_padding=\u00bb|40px|33px|40px|false|true\u00bb _builder_version=\u00bb4.27.2&#8243; _module_preset=\u00bbdefault\u00bb header_font=\u00bb|800|||||||\u00bb header_text_align=\u00bbleft\u00bb header_line_height=\u00bb1em\u00bb subtitle_font=\u00bb||||||||\u00bb subtitle_text_align=\u00bbjustify\u00bb subtitle_text_color=\u00bbrgba(0,0,0,0.52)\u00bb subtitle_font_size=\u00bb19px\u00bb body_text_align=\u00bbjustify\u00bb body_text_color=\u00bb#000000&#8243; body_font_size=\u00bb17px\u00bb body_line_height=\u00bb1.4em\u00bb background_color=\u00bb#FFFFFF\u00bb background_enable_color=\u00bbon\u00bb global_colors_info=\u00bb{}\u00bb background__hover_enabled=\u00bbon|hover\u00bb background_color__hover=\u00bbrgba(72,179,218,0.07)\u00bb background_enable_color__hover=\u00bbon\u00bb]<\/p>\n<p style=\"text-align: center;\">Adoptar pr\u00e1cticas sostenibles en todas las operaciones para minimizar el impacto ambiental y cumplir con las expectativas de los consumidores conscientes del medio ambiente.<\/p>\n<ol><\/ol>\n<p>[\/dica_divi_carouselitem][dica_divi_carouselitem title=\u00bbRentabilidad financiera\u00bb button_url_new_window=\u00bb1&#8243; image=\u00bbhttps:\/\/medicalextractos.com\/2024_nueva\/wp-content\/uploads\/2025\/02\/rentabilidad.png\u00bb image_padding=\u00bb30px|100px|30px|100px|true|true\u00bb content_padding=\u00bb||25px||false|false\u00bb custom_padding=\u00bb|40px|33px|40px|false|true\u00bb _builder_version=\u00bb4.27.2&#8243; _module_preset=\u00bbdefault\u00bb header_font=\u00bb|800|||||||\u00bb header_text_align=\u00bbleft\u00bb header_line_height=\u00bb1em\u00bb subtitle_font=\u00bb||||||||\u00bb subtitle_text_align=\u00bbjustify\u00bb subtitle_text_color=\u00bbrgba(0,0,0,0.52)\u00bb subtitle_font_size=\u00bb19px\u00bb body_text_align=\u00bbjustify\u00bb body_text_color=\u00bb#000000&#8243; body_font_size=\u00bb17px\u00bb body_line_height=\u00bb1.4em\u00bb background_color=\u00bb#FFFFFF\u00bb background_enable_color=\u00bbon\u00bb global_colors_info=\u00bb{}\u00bb background__hover_enabled=\u00bbon|hover\u00bb background_color__hover=\u00bbrgba(72,179,218,0.07)\u00bb background_enable_color__hover=\u00bbon\u00bb]<\/p>\n<p style=\"text-align: center;\">Alcanzar y mantener la rentabilidad financiera a trav\u00e9s de una gesti\u00f3n eficaz de los costos, la optimizaci\u00f3n de los m\u00e1rgenes de beneficio y la gesti\u00f3n prudente de los recursos financieros.<\/p>\n<ol><\/ol>\n<p>[\/dica_divi_carouselitem][dica_divi_carouselitem title=\u00bbResponsabilidad social corporativa\u00bb button_url_new_window=\u00bb1&#8243; image=\u00bbhttps:\/\/medicalextractos.com\/2024_nueva\/wp-content\/uploads\/2025\/02\/responsabilidad-social-corporativa.png\u00bb image_padding=\u00bb30px|100px|30px|100px|true|true\u00bb content_padding=\u00bb||7px||false|false\u00bb button_margin=\u00bb||||false|false\u00bb custom_padding=\u00bb|40px|33px|40px|false|true\u00bb _builder_version=\u00bb4.27.2&#8243; _module_preset=\u00bbdefault\u00bb header_font=\u00bb|800|||||||\u00bb header_text_align=\u00bbleft\u00bb header_line_height=\u00bb1em\u00bb subtitle_font=\u00bb||||||||\u00bb subtitle_text_align=\u00bbjustify\u00bb subtitle_text_color=\u00bbrgba(0,0,0,0.52)\u00bb subtitle_font_size=\u00bb19px\u00bb body_text_align=\u00bbjustify\u00bb body_text_color=\u00bb#000000&#8243; body_font_size=\u00bb17px\u00bb body_line_height=\u00bb1.4em\u00bb background_color=\u00bb#FFFFFF\u00bb background_enable_color=\u00bbon\u00bb global_colors_info=\u00bb{}\u00bb background__hover_enabled=\u00bbon|hover\u00bb background_color__hover=\u00bbrgba(72,179,218,0.07)\u00bb background_enable_color__hover=\u00bbon\u00bb]<\/p>\n<p style=\"text-align: center;\">Comprometerse con la comunidad local mediante iniciativas de responsabilidad social corporativa, como programas de educaci\u00f3n, donaciones a organizaciones ben\u00e9ficas, o apoyo a causas relacionadas<\/p>\n<ol><\/ol>\n<p>[\/dica_divi_carouselitem][dica_divi_carouselitem title=\u00bbDiferenciaci\u00f3n competitiva\u00bb button_url_new_window=\u00bb1&#8243; image=\u00bbhttps:\/\/medicalextractos.com\/2024_nueva\/wp-content\/uploads\/2025\/02\/competitivo.png\u00bb image_padding=\u00bb30px|100px|30px|100px|true|true\u00bb content_padding=\u00bb||28px||false|false\u00bb custom_padding=\u00bb|40px|33px|40px|false|true\u00bb _builder_version=\u00bb4.27.2&#8243; _module_preset=\u00bbdefault\u00bb header_font=\u00bb|800|||||||\u00bb header_text_align=\u00bbleft\u00bb header_line_height=\u00bb1em\u00bb subtitle_font=\u00bb||||||||\u00bb subtitle_text_align=\u00bbjustify\u00bb subtitle_text_color=\u00bbrgba(0,0,0,0.52)\u00bb subtitle_font_size=\u00bb19px\u00bb body_text_align=\u00bbjustify\u00bb body_text_color=\u00bb#000000&#8243; body_font_size=\u00bb17px\u00bb body_line_height=\u00bb1.4em\u00bb background_color=\u00bb#FFFFFF\u00bb background_enable_color=\u00bbon\u00bb global_colors_info=\u00bb{}\u00bb background__hover_enabled=\u00bbon|hover\u00bb background_color__hover=\u00bbrgba(72,179,218,0.07)\u00bb background_enable_color__hover=\u00bbon\u00bb]<\/p>\n<p style=\"text-align: center;\">Desarrollar estrategias para diferenciarse de la competencia, ya sea a trav\u00e9s de la innovaci\u00f3n de productos, servicios al cliente excepcionales, o estrategias de marketing\u00a0creativas<\/p>\n<ol><\/ol>\n<p>[\/dica_divi_carouselitem][\/dica_divi_carousel][\/et_pb_column][\/et_pb_row][\/et_pb_section]<\/p>\n","protected":false},"excerpt":{"rendered":"<p>OBJETO SOCIALEN MEDICAL EXTRACTOS S.A.SSOMOS UNA EMPRESAColombiana dedicada a trabajar con Cannabis natural, de calidad m\u00e9dica, en todas las etapas para la elaboraci\u00f3n de productos medicinales, industriales, cosm\u00e9ticos, alimenticios y cient\u00edficos. Lo que incluye su cultivo, transformaci\u00f3n, producci\u00f3n, comercializaci\u00f3n de derivados, as\u00ed como la inversi\u00f3n investigaci\u00f3n, tecnolog\u00eda y el desarrollo cient\u00edfico. Ofreciendo a los pacientes [&hellip;]<\/p>\n","protected":false},"author":1,"featured_media":0,"parent":0,"menu_order":0,"comment_status":"closed","ping_status":"closed","template":"","meta":{"_et_pb_use_builder":"on","_et_pb_old_content":"","_et_gb_content_width":"","_joinchat":[],"footnotes":""},"class_list":["post-267","page","type-page","status-publish","hentry"],"_links":{"self":[{"href":"https:\/\/medicalextractos.com\/2024_nueva\/wp-json\/wp\/v2\/pages\/267","targetHints":{"allow":["GET"]}}],"collection":[{"href":"https:\/\/medicalextractos.com\/2024_nueva\/wp-json\/wp\/v2\/pages"}],"about":[{"href":"https:\/\/medicalextractos.com\/2024_nueva\/wp-json\/wp\/v2\/types\/page"}],"author":[{"embeddable":true,"href":"https:\/\/medicalextractos.com\/2024_nueva\/wp-json\/wp\/v2\/users\/1"}],"replies":[{"embeddable":true,"href":"https:\/\/medicalextractos.com\/2024_nueva\/wp-json\/wp\/v2\/comments?post=267"}],"version-history":[{"count":27,"href":"https:\/\/medicalextractos.com\/2024_nueva\/wp-json\/wp\/v2\/pages\/267\/revisions"}],"predecessor-version":[{"id":1262,"href":"https:\/\/medicalextractos.com\/2024_nueva\/wp-json\/wp\/v2\/pages\/267\/revisions\/1262"}],"wp:attachment":[{"href":"https:\/\/medicalextractos.com\/2024_nueva\/wp-json\/wp\/v2\/media?parent=267"}],"curies":[{"name":"wp","href":"https:\/\/api.w.org\/{rel}","templated":true}]}}