{"id":186,"date":"2024-04-26T14:19:50","date_gmt":"2024-04-26T14:19:50","guid":{"rendered":"https:\/\/medicalextractos.com\/2024_nueva\/?page_id=186"},"modified":"2025-04-04T17:05:58","modified_gmt":"2025-04-04T17:05:58","slug":"nuestro-equipo","status":"publish","type":"page","link":"https:\/\/medicalextractos.com\/2024_nueva\/nuestro-equipo\/","title":{"rendered":"Nuestro equipo"},"content":{"rendered":"<p>[et_pb_section fb_built=\u00bb1&#8243; _builder_version=\u00bb4.27.2&#8243; _module_preset=\u00bbdefault\u00bb background_color=\u00bbrgba(72,179,218,0.81)\u00bb background_image=\u00bbhttps:\/\/medicalextractos.com\/2024_nueva\/wp-content\/uploads\/2025\/03\/nuestro-equipo-medical-extractos.jpg\u00bb background_blend=\u00bbmultiply\u00bb custom_padding=\u00bb160px||160px||true|false\u00bb global_colors_info=\u00bb{}\u00bb][et_pb_row _builder_version=\u00bb4.23.4&#8243; _module_preset=\u00bbdefault\u00bb global_colors_info=\u00bb{}\u00bb][et_pb_column type=\u00bb4_4&#8243; _builder_version=\u00bb4.23.4&#8243; _module_preset=\u00bbdefault\u00bb global_colors_info=\u00bb{}\u00bb][et_pb_text _builder_version=\u00bb4.27.2&#8243; _module_preset=\u00bbdefault\u00bb text_font=\u00bb|800|||||||\u00bb text_text_color=\u00bb#FFFFFF\u00bb text_font_size=\u00bb60px\u00bb text_line_height=\u00bb1.9em\u00bb custom_margin=\u00bb||-2px|||\u00bb global_colors_info=\u00bb{}\u00bb]<\/p>\n<p style=\"text-align: center;\">NUESTRO EQUIPO<\/p>\n<p>[\/et_pb_text][\/et_pb_column][\/et_pb_row][\/et_pb_section][et_pb_section fb_built=\u00bb1&#8243; _builder_version=\u00bb4.23.4&#8243; _module_preset=\u00bbdefault\u00bb custom_padding=\u00bb3px||21px|||\u00bb global_colors_info=\u00bb{}\u00bb][et_pb_row _builder_version=\u00bb4.23.4&#8243; _module_preset=\u00bbdefault\u00bb global_colors_info=\u00bb{}\u00bb][et_pb_column type=\u00bb4_4&#8243; _builder_version=\u00bb4.23.4&#8243; _module_preset=\u00bbdefault\u00bb global_colors_info=\u00bb{}\u00bb][et_pb_text _builder_version=\u00bb4.27.2&#8243; _module_preset=\u00bbdefault\u00bb text_font=\u00bb|800|||||||\u00bb text_text_color=\u00bb#48b3da\u00bb text_font_size=\u00bb17px\u00bb text_orientation=\u00bbcenter\u00bb custom_margin=\u00bb55px||1px||false|false\u00bb global_colors_info=\u00bb{}\u00bb]<\/p>\n<p>CONTAMOS CON UN EQUIPO<\/p>\n<p>[\/et_pb_text][et_pb_text _builder_version=\u00bb4.27.2&#8243; _module_preset=\u00bbdefault\u00bb text_font=\u00bb|800|||||||\u00bb text_text_color=\u00bb#000000&#8243; text_font_size=\u00bb30px\u00bb text_line_height=\u00bb1.2em\u00bb text_orientation=\u00bbcenter\u00bb custom_margin=\u00bb||14px||false|false\u00bb custom_padding=\u00bb0px|||||\u00bb global_colors_info=\u00bb{}\u00bb]<\/p>\n<p>ALTAMENTE CAPACITADO<\/p>\n<p>[\/et_pb_text][\/et_pb_column][\/et_pb_row][\/et_pb_section][et_pb_section fb_built=\u00bb1&#8243; _builder_version=\u00bb4.27.2&#8243; _module_preset=\u00bbdefault\u00bb custom_padding=\u00bb0px|||||\u00bb global_colors_info=\u00bb{}\u00bb][et_pb_row column_structure=\u00bb1_2,1_2&#8243; _builder_version=\u00bb4.27.2&#8243; _module_preset=\u00bbdefault\u00bb global_colors_info=\u00bb{}\u00bb][et_pb_column type=\u00bb1_2&#8243; _builder_version=\u00bb4.27.2&#8243; _module_preset=\u00bbdefault\u00bb global_colors_info=\u00bb{}\u00bb][et_pb_image src=\u00bbhttps:\/\/medicalextractos.com\/2024_nueva\/wp-content\/uploads\/2025\/02\/paula-medical-extractos.png\u00bb title_text=\u00bbpaula-medical-extractos\u00bb _builder_version=\u00bb4.27.2&#8243; _module_preset=\u00bbdefault\u00bb global_colors_info=\u00bb{}\u00bb][\/et_pb_image][\/et_pb_column][et_pb_column type=\u00bb1_2&#8243; _builder_version=\u00bb4.27.2&#8243; _module_preset=\u00bbdefault\u00bb global_colors_info=\u00bb{}\u00bb][et_pb_text _builder_version=\u00bb4.27.2&#8243; _module_preset=\u00bbdefault\u00bb text_font=\u00bb|800|||||||\u00bb text_text_color=\u00bb#48b3da\u00bb text_font_size=\u00bb17px\u00bb custom_margin=\u00bb||4px||false|false\u00bb global_colors_info=\u00bb{}\u00bb]<\/p>\n<p>CEO FOUNDER \/ GENERAL MANAGER<\/p>\n<p>[\/et_pb_text][et_pb_text _builder_version=\u00bb4.27.2&#8243; _module_preset=\u00bbdefault\u00bb text_font=\u00bb|800|||||||\u00bb text_text_color=\u00bb#000000&#8243; text_font_size=\u00bb30px\u00bb text_line_height=\u00bb1.2em\u00bb custom_margin=\u00bb||14px||false|false\u00bb custom_padding=\u00bb0px|||||\u00bb global_colors_info=\u00bb{}\u00bb]<\/p>\n<p>PAULA ANDREA BETANCUR SANCHEZ<\/p>\n<p>[\/et_pb_text][et_pb_accordion open_toggle_text_color=\u00bb#000000&#8243; closed_toggle_text_color=\u00bb#000000&#8243; icon_color=\u00bb#48b3da\u00bb _builder_version=\u00bb4.27.2&#8243; _module_preset=\u00bbdefault\u00bb toggle_text_color=\u00bb#000000&#8243; toggle_font=\u00bb|600|||||||\u00bb toggle_font_size=\u00bb18px\u00bb closed_toggle_font_size=\u00bb18px\u00bb body_text_color=\u00bb#000000&#8243; global_colors_info=\u00bb{}\u00bb][et_pb_accordion_item title=\u00bbCEO y fundadora de medical extractos\u00bb open=\u00bbon\u00bb _builder_version=\u00bb4.27.2&#8243; _module_preset=\u00bbdefault\u00bb global_colors_info=\u00bb{}\u00bb]<\/p>\n<p style=\"text-align: justify;\">CEO y fundadora de Medical Extractos S.A.S, quien adem\u00e1s es socia accionista, se destaca como la representante legal de la empresa. Con una trayectoria notable y reconocida en el \u00e1mbito del cannabis medicinal, industrial y de negocios, cuenta con m\u00e1s de 8 a\u00f1os de experiencia liderando y promoviendo activamente el desarrollo de esta industria.<\/p>\n<p style=\"text-align: justify;\">Su liderazgo visionario y su profundo compromiso con la excelencia han posicionado a Medical Extractos S.A.S como un referente en la industria del cannabis, siendo un ejemplo de innovaci\u00f3n, calidad y \u00e9tica empresarial bajo su direcci\u00f3n. Su vasta experiencia y su capacidad para identificar oportunidades estrat\u00e9gicas han sido fundamentales para el crecimiento y la consolidaci\u00f3n de la empresa en un mercado din\u00e1mico y en constante evoluci\u00f3n.<\/p>\n<p>[\/et_pb_accordion_item][et_pb_accordion_item title=\u00bbRepresentante legal\u00bb _builder_version=\u00bb4.27.2&#8243; _module_preset=\u00bbdefault\u00bb global_colors_info=\u00bb{}\u00bb open=\u00bboff\u00bb]<\/p>\n<p>Representante legal, Socia Accionista y fundadora de MERCOAGRICOLA S.A.S, empresa por medio de la cual contribuye al gremio del cannabis a trav\u00e9s de la organizaci\u00f3n de eventos emblem\u00e1ticos como EXPOMEDEWEED y CANNAWORLD CONGRESS, los cuales han sido pilares fundamentales para la difusi\u00f3n del conocimiento, el intercambio de ideas y el impulso del sector a nivel nacional e internacional.<\/p>\n<p>[\/et_pb_accordion_item][et_pb_accordion_item title=\u00bbFundadora, representante legal y directora de la fundacion muy buen vivir\u00bb _builder_version=\u00bb4.27.2&#8243; _module_preset=\u00bbdefault\u00bb global_colors_info=\u00bb{}\u00bb open=\u00bboff\u00bb]<\/p>\n<p style=\"text-align: justify;\">fundadora, representante legal y Directora de la Fundaci\u00f3n\u00a0 MUY BUEN VIVIR un proyecto social corporativo, esta fundaci\u00f3n <strong>agrupa principalmente a mujeres cuidadoras de personas con la enfermedad de\u00a0 Alzheimer, <\/strong>persigue fines de inter\u00e9s,\u00a0 utilidad com\u00fan y beneficencia, y muy especialmente\u00a0 el mejoramiento de la calidad de vida de la sociedad en general, por medio de actividades sociales, comunitarias, econ\u00f3micas y comerciales con el objetivo de favorecer los intereses de madres cabezas de hogar del municipio de Yarumal, Antioquia; cuidadoras de personas, sean familiares o no, con\u00a0 Alzheimer y enfermedades asociadas.<\/p>\n<p>Para este proyecto se cuenta con el apoyo de los cient\u00edficos Lumir Hanus de Isarael y Josep Rosado de Estados Unidos, para participar en el proyecto de investigaci\u00f3n.<\/p>\n<p>[\/et_pb_accordion_item][\/et_pb_accordion][\/et_pb_column][\/et_pb_row][et_pb_row column_structure=\u00bb1_2,1_2&#8243; _builder_version=\u00bb4.27.2&#8243; _module_preset=\u00bbdefault\u00bb global_colors_info=\u00bb{}\u00bb][et_pb_column type=\u00bb1_2&#8243; _builder_version=\u00bb4.27.2&#8243; _module_preset=\u00bbdefault\u00bb global_colors_info=\u00bb{}\u00bb][et_pb_text _builder_version=\u00bb4.27.2&#8243; _module_preset=\u00bbdefault\u00bb text_font=\u00bb|800|||||||\u00bb text_text_color=\u00bb#48b3da\u00bb text_font_size=\u00bb17px\u00bb custom_margin=\u00bb||-2px||false|false\u00bb custom_padding=\u00bb||||false|false\u00bb global_colors_info=\u00bb{}\u00bb]<\/p>\n<p>CEO FOUNDER OF MEDICAL EXTRACTOS S.A.S<\/p>\n<p>[\/et_pb_text][et_pb_text _builder_version=\u00bb4.27.2&#8243; _module_preset=\u00bbdefault\u00bb text_font=\u00bb|800|||||||\u00bb text_text_color=\u00bb#000000&#8243; text_font_size=\u00bb30px\u00bb text_line_height=\u00bb1.2em\u00bb custom_margin=\u00bb||14px||false|false\u00bb custom_padding=\u00bb0px|||||\u00bb global_colors_info=\u00bb{}\u00bb]<\/p>\n<p>HENRY MU\u00d1OZ VALLEJO<\/p>\n<p>[\/et_pb_text][et_pb_accordion open_toggle_text_color=\u00bb#000000&#8243; closed_toggle_text_color=\u00bb#000000&#8243; icon_color=\u00bb#48b3da\u00bb _builder_version=\u00bb4.27.2&#8243; _module_preset=\u00bbdefault\u00bb toggle_text_color=\u00bb#000000&#8243; toggle_font=\u00bb|600|||||||\u00bb toggle_font_size=\u00bb18px\u00bb closed_toggle_font_size=\u00bb18px\u00bb body_text_color=\u00bb#000000&#8243; global_colors_info=\u00bb{}\u00bb][et_pb_accordion_item title=\u00bbCEO y fundador de medical extractos S.A.S\u00bb _builder_version=\u00bb4.27.2&#8243; _module_preset=\u00bbdefault\u00bb global_colors_info=\u00bb{}\u00bb open=\u00bbon\u00bb]<\/p>\n<ul>\n<li>CEO y fundador de Medical Extractos S.A.S, cuenta con gran experiencia en el sector del cannabis a combinado su s\u00f3lido bagaje acad\u00e9mico con una visi\u00f3n empresarial innovadora.<\/li>\n<li>Adem\u00e1s de su destacada labor como socio accionista de la empresa, tambi\u00e9n se ha destacado por su liderazgo en diversas iniciativas sociales y comunitarias. Su compromiso y su pasi\u00f3n por generar un impacto positivo en la sociedad han sido valores fundamentales en su trayectoria profesional y personal, tambi\u00e9n se desempe\u00f1a como brocker para la consolidaci\u00f3n y b\u00fasqueda de negociaciones dentro de la industria del cannabis.<\/li>\n<\/ul>\n<p>[\/et_pb_accordion_item][et_pb_accordion_item title=\u00bbAbogado Titulado y especialista en derecho penal de la Universidad Santiago de Cali\u00bb _builder_version=\u00bb4.27.2&#8243; _module_preset=\u00bbdefault\u00bb global_colors_info=\u00bb{}\u00bb open=\u00bboff\u00bb]<\/p>\n<ul>\n<li style=\"text-align: justify;\">Abogado Titulado y especialista en derecho penal de la Universidad Santiago de Cali<\/li>\n<li style=\"text-align: justify;\">-Ex funcionario de la fiscal\u00eda general de la Naci\u00f3n,<\/li>\n<li style=\"text-align: justify;\">-Profesor universitario, c\u00e1tedra en procedimiento penal en la Universidad Santiago de Cali.<\/li>\n<\/ul>\n<p>[\/et_pb_accordion_item][et_pb_accordion_item title=\u00bbSocio accionista y fundador de mercoagricola S.A.S Y  procannacol\u00bb open=\u00bboff\u00bb _builder_version=\u00bb4.27.2&#8243; _module_preset=\u00bbdefault\u00bb global_colors_info=\u00bb{}\u00bb]<\/p>\n<ul>\n<li style=\"text-align: justify;\">-Socio Accionista y fundador de MERCOAGRICOLA S.A.S, empresa que organiza los eventos: EXPOMEWEED la feria internacional del cannabis medicinal y CANNAWORLDCONGRESS el congreso mundial de cannabis medicinal.<\/li>\n<li style=\"text-align: justify;\">Socio fundador de PROCANNACOL Asociaci\u00f3n Pro Cannabis Colombia es una Asociaci\u00f3n sin fines de lucro, innovadora, din\u00e1mica, dirigida a promover el desarrollo, implementaci\u00f3n y ampliaci\u00f3n de los diferentes usos, tanto medicinales, como cient\u00edficos e industriales del cannabis y los cannabinoides.<\/li>\n<\/ul>\n<p>[\/et_pb_accordion_item][\/et_pb_accordion][\/et_pb_column][et_pb_column type=\u00bb1_2&#8243; _builder_version=\u00bb4.27.2&#8243; _module_preset=\u00bbdefault\u00bb global_colors_info=\u00bb{}\u00bb][et_pb_image src=\u00bbhttps:\/\/medicalextractos.com\/2024_nueva\/wp-content\/uploads\/2025\/03\/henry-munoz-vallejo-medical-extractos.png\u00bb title_text=\u00bbhenry-mu\u00f1oz-vallejo-medical-extractos\u00bb _builder_version=\u00bb4.27.2&#8243; _module_preset=\u00bbdefault\u00bb global_colors_info=\u00bb{}\u00bb][\/et_pb_image][\/et_pb_column][\/et_pb_row][et_pb_row column_structure=\u00bb1_2,1_2&#8243; _builder_version=\u00bb4.27.2&#8243; _module_preset=\u00bbdefault\u00bb global_colors_info=\u00bb{}\u00bb][et_pb_column type=\u00bb1_2&#8243; _builder_version=\u00bb4.27.2&#8243; _module_preset=\u00bbdefault\u00bb global_colors_info=\u00bb{}\u00bb][et_pb_image src=\u00bbhttps:\/\/medicalextractos.com\/2024_nueva\/wp-content\/uploads\/2025\/03\/joseph-rosado-medical-extractos.png\u00bb title_text=\u00bbjoseph-rosado-medical-extractos\u00bb _builder_version=\u00bb4.27.2&#8243; _module_preset=\u00bbdefault\u00bb global_colors_info=\u00bb{}\u00bb][\/et_pb_image][\/et_pb_column][et_pb_column type=\u00bb1_2&#8243; _builder_version=\u00bb4.27.2&#8243; _module_preset=\u00bbdefault\u00bb global_colors_info=\u00bb{}\u00bb][et_pb_text _builder_version=\u00bb4.27.2&#8243; _module_preset=\u00bbdefault\u00bb text_font=\u00bb|800|||||||\u00bb text_text_color=\u00bb#48b3da\u00bb text_font_size=\u00bb17px\u00bb custom_margin=\u00bb||14px||false|false\u00bb custom_padding=\u00bb||||false|false\u00bb global_colors_info=\u00bb{}\u00bb]<\/p>\n<p>SCIENTIFIC DIRECTOR<\/p>\n<p>[\/et_pb_text][et_pb_text _builder_version=\u00bb4.27.2&#8243; _module_preset=\u00bbdefault\u00bb text_font=\u00bb|800|||||||\u00bb text_text_color=\u00bb#000000&#8243; text_font_size=\u00bb30px\u00bb text_line_height=\u00bb1.2em\u00bb custom_margin=\u00bb-13px||14px||false|false\u00bb custom_padding=\u00bb0px|||||\u00bb global_colors_info=\u00bb{}\u00bb]<\/p>\n<p>JOSHEP ROSADO<\/p>\n<p>[\/et_pb_text][et_pb_accordion open_toggle_text_color=\u00bb#000000&#8243; closed_toggle_text_color=\u00bb#000000&#8243; icon_color=\u00bb#48b3da\u00bb _builder_version=\u00bb4.27.2&#8243; _module_preset=\u00bbdefault\u00bb toggle_text_color=\u00bb#000000&#8243; toggle_font=\u00bb|600|||||||\u00bb toggle_font_size=\u00bb18px\u00bb closed_toggle_font_size=\u00bb18px\u00bb body_text_color=\u00bb#000000&#8243; global_colors_info=\u00bb{}\u00bb][et_pb_accordion_item title=\u00bbConversamos con el Dr. Joseph Rosado, m\u00e9dico especialista en cannabis medicinal con base en Florida\u00bb _builder_version=\u00bb4.27.2&#8243; _module_preset=\u00bbdefault\u00bb global_colors_info=\u00bb{}\u00bb open=\u00bbon\u00bb]<\/p>\n<ul>\n<li style=\"text-align: justify;\"><span>Conversamos con el Dr. Joseph Rosado, m\u00e9dico especialista en cannabis medicinal con base en Florida, autor del libro \u00abEsperanza y Sanaci\u00f3n: El Caso del Cannabis\u00bb sobre la situaci\u00f3n actual del cannabis medicinal en Estados Unidos y lo que podr\u00eda ocurrir tras una reclasificaci\u00f3n de la planta. <\/span><\/li>\n<li style=\"text-align: justify;\"><span>El Dr. Joseph Rosado es un destacado m\u00e9dico, adem\u00e1s de ser un respetado Director M\u00e9dico, educador, autor publicado y prominente conferencista. Su amplia experiencia en el campo de la Medicina Integrativa, combinada con sus especializaciones \u00fanicas, aseguran un nivel integral de atenci\u00f3n de alta calidad para todos sus pacientes.\u00a0<\/span><\/li>\n<\/ul>\n<p>[\/et_pb_accordion_item][et_pb_accordion_item title=\u00bbEl Dr. Rosado nos habla sobre su extensa trayectoria en el \u00e1rea medicinal del cannabis\u00bb _builder_version=\u00bb4.27.2&#8243; _module_preset=\u00bbdefault\u00bb global_colors_info=\u00bb{}\u00bb open=\u00bboff\u00bb]<\/p>\n<p style=\"text-align: justify;\"><span>El Dr. Rosado nos habla sobre su extensa trayectoria en el \u00e1rea medicinal del cannabis, los retos que enfrenta el sector m\u00e9dico en torno a la planta y su participaci\u00f3n en Expomedeweed 2023 en Medell\u00edn, Colombia con <\/span><a class=\"link\" href=\"https:\/\/co.linkedin.com\/in\/henry-mu%C3%B1oz-vallejo?trk=public_post-text\" target=\"_self\" data-tracking-control-name=\"public_post-text\" data-tracking-will-navigate=\"\">Henry Mu\u00f1oz Vallejo<\/a><span>, donde abordar\u00e1 asuntos relacionados con el cannabis y el kratom.<\/span><\/p>\n<p style=\"text-align: justify;\"><span>El Dr. Joseph Rosado, es un cient\u00edfico y un luchador social, que ha viajado alrededor de los 5 continentes con el objetivo de ayudar a pacientes y a doctores con la utilizaci\u00f3n de cannabinoides, y ha formado parte de legalizaciones complicadas como las de Tailandia, M\u00e9xico y Costa Rica. Hoy en d\u00eda tiene dos cl\u00ednicas en el Estado de Florida, y una agencia de consultor\u00eda sobre canabbis medicinal, la \u201c<i>International Medical Consultants\u201d,<\/i>\u00a0a trav\u00e9s de la cual comparte sus conocimientos con centros comunitarios, consultorios m\u00e9dicos, pacientes, asociaciones m\u00e9dicas, etc., adem\u00e1s de otorgar certificaciones a especialistas.<\/span><\/p>\n<p>[\/et_pb_accordion_item][et_pb_accordion_item title=\u00bbDr. Rosado 2001 titulado como m\u00e9dico grado summa cum laude\u00bb open=\u00bboff\u00bb _builder_version=\u00bb4.27.2&#8243; _module_preset=\u00bbdefault\u00bb global_colors_info=\u00bb{}\u00bb]<\/p>\n<ul>\n<li style=\"text-align: justify;\">Dr. Rosado 2001 titulado como m\u00e9dico grado summa cum laude actualmente Director M\u00e9dico de una cl\u00ednica de cannabis medicinal en Ormond Beach, FL, el presidente y CEO de International Medical Consultants, director m\u00e9dico de Minorities 4 Medical Marijuana en los EE UU, International Cannabis Solutions en los EE UU y Kannt SAS en Colombia. En agosto de 2019, recibi\u00f3 el Premio al M\u00e9dico del A\u00f1o en los Premios al Logro de Atenci\u00f3n M\u00e9dica patrocinados por la C\u00e1mara de Comercio Hispana del Condado de Volusia. El Dr. Rosado habla fluidamente ingl\u00e9s y espa\u00f1ol. Adem\u00e1s, ha sido invitado a dar conferencias en todo el mundo, educando a m\u00e9dicos en pa\u00edses como Fiji, Malasia, Italia y Costa Rica, entre otros<\/li>\n<\/ul>\n<p>[\/et_pb_accordion_item][\/et_pb_accordion][\/et_pb_column][\/et_pb_row][\/et_pb_section]<\/p>\n","protected":false},"excerpt":{"rendered":"<p>NUESTRO EQUIPOCONTAMOS CON UN EQUIPOALTAMENTE CAPACITADOCEO FOUNDER \/ GENERAL MANAGERPAULA ANDREA BETANCUR SANCHEZCEO y fundadora de Medical Extractos S.A.S, quien adem\u00e1s es socia accionista, se destaca como la representante legal de la empresa. Con una trayectoria notable y reconocida en el \u00e1mbito del cannabis medicinal, industrial y de negocios, cuenta con m\u00e1s de 8 a\u00f1os [&hellip;]<\/p>\n","protected":false},"author":1,"featured_media":0,"parent":0,"menu_order":0,"comment_status":"closed","ping_status":"closed","template":"","meta":{"_et_pb_use_builder":"on","_et_pb_old_content":"","_et_gb_content_width":"","_joinchat":[],"footnotes":""},"class_list":["post-186","page","type-page","status-publish","hentry"],"_links":{"self":[{"href":"https:\/\/medicalextractos.com\/2024_nueva\/wp-json\/wp\/v2\/pages\/186","targetHints":{"allow":["GET"]}}],"collection":[{"href":"https:\/\/medicalextractos.com\/2024_nueva\/wp-json\/wp\/v2\/pages"}],"about":[{"href":"https:\/\/medicalextractos.com\/2024_nueva\/wp-json\/wp\/v2\/types\/page"}],"author":[{"embeddable":true,"href":"https:\/\/medicalextractos.com\/2024_nueva\/wp-json\/wp\/v2\/users\/1"}],"replies":[{"embeddable":true,"href":"https:\/\/medicalextractos.com\/2024_nueva\/wp-json\/wp\/v2\/comments?post=186"}],"version-history":[{"count":76,"href":"https:\/\/medicalextractos.com\/2024_nueva\/wp-json\/wp\/v2\/pages\/186\/revisions"}],"predecessor-version":[{"id":1403,"href":"https:\/\/medicalextractos.com\/2024_nueva\/wp-json\/wp\/v2\/pages\/186\/revisions\/1403"}],"wp:attachment":[{"href":"https:\/\/medicalextractos.com\/2024_nueva\/wp-json\/wp\/v2\/media?parent=186"}],"curies":[{"name":"wp","href":"https:\/\/api.w.org\/{rel}","templated":true}]}}