{"id":176,"date":"2024-04-26T14:11:59","date_gmt":"2024-04-26T14:11:59","guid":{"rendered":"https:\/\/medicalextractos.com\/2024_nueva\/?page_id=176"},"modified":"2025-02-27T16:17:38","modified_gmt":"2025-02-27T16:17:38","slug":"mision-y-vision","status":"publish","type":"page","link":"https:\/\/medicalextractos.com\/2024_nueva\/mision-y-vision\/","title":{"rendered":"Misi\u00f3n y visi\u00f3n"},"content":{"rendered":"<p>[et_pb_section fb_built=\u00bb1&#8243; _builder_version=\u00bb4.27.2&#8243; _module_preset=\u00bbdefault\u00bb background_color=\u00bb#48b3da\u00bb background_image=\u00bbhttps:\/\/medicalextractos.com\/2024_nueva\/wp-content\/uploads\/2025\/02\/flores-medical-extractos.jpeg\u00bb background_blend=\u00bbmultiply\u00bb custom_padding=\u00bb160px||160px||true|false\u00bb global_colors_info=\u00bb{}\u00bb][et_pb_row _builder_version=\u00bb4.23.4&#8243; _module_preset=\u00bbdefault\u00bb global_colors_info=\u00bb{}\u00bb][et_pb_column type=\u00bb4_4&#8243; _builder_version=\u00bb4.23.4&#8243; _module_preset=\u00bbdefault\u00bb global_colors_info=\u00bb{}\u00bb][et_pb_text _builder_version=\u00bb4.27.2&#8243; _module_preset=\u00bbdefault\u00bb text_font=\u00bb|800|||||||\u00bb text_text_color=\u00bb#FFFFFF\u00bb text_font_size=\u00bb60px\u00bb text_line_height=\u00bb1.9em\u00bb custom_margin=\u00bb||-2px|||\u00bb global_colors_info=\u00bb{}\u00bb]<\/p>\n<p style=\"text-align: center;\">MISI\u00d3N Y VISI\u00d3N<\/p>\n<p>[\/et_pb_text][\/et_pb_column][\/et_pb_row][\/et_pb_section][et_pb_section fb_built=\u00bb1&#8243; admin_label=\u00bbAbout\u00bb _builder_version=\u00bb4.27.2&#8243; _module_preset=\u00bbdefault\u00bb custom_padding=\u00bb74px||47px|||\u00bb collapsed=\u00bbon\u00bb global_colors_info=\u00bb{}\u00bb][et_pb_row column_structure=\u00bb3_5,2_5&#8243; _builder_version=\u00bb4.27.2&#8243; _module_preset=\u00bbdefault\u00bb width=\u00bb100%\u00bb global_colors_info=\u00bb{}\u00bb][et_pb_column type=\u00bb3_5&#8243; _builder_version=\u00bb4.27.2&#8243; _module_preset=\u00bbdefault\u00bb global_colors_info=\u00bb{}\u00bb][et_pb_text _builder_version=\u00bb4.27.2&#8243; _module_preset=\u00bbdefault\u00bb text_font=\u00bb|800|||||||\u00bb text_text_color=\u00bb#48b3da\u00bb text_font_size=\u00bb17px\u00bb custom_margin=\u00bb||14px||false|false\u00bb global_colors_info=\u00bb{}\u00bb]<\/p>\n<p>NUESTRA<\/p>\n<p>[\/et_pb_text][et_pb_text _builder_version=\u00bb4.27.2&#8243; _module_preset=\u00bbdefault\u00bb text_font=\u00bb|800||on|||||\u00bb text_text_color=\u00bb#000000&#8243; text_font_size=\u00bb30px\u00bb custom_margin=\u00bb||14px||false|false\u00bb global_colors_info=\u00bb{}\u00bb]<\/p>\n<p>Misi\u00f3n<\/p>\n<p>[\/et_pb_text][et_pb_text _builder_version=\u00bb4.27.2&#8243; _module_preset=\u00bbdefault\u00bb text_font=\u00bb||||||||\u00bb text_text_color=\u00bb#000000&#8243; text_font_size=\u00bb18px\u00bb custom_margin=\u00bb1px||14px|||\u00bb global_colors_info=\u00bb{}\u00bb]<\/p>\n<p style=\"text-align: justify;\"><strong>MEDICAL EXTRACTOS S.A.S<\/strong> tiene como misi\u00f3n, crear materias primas y productos basados en plantas de Cannabis.<\/p>\n<p style=\"text-align: justify;\">Ofrecer a nuestros clientes productos, con los m\u00e1s altos est\u00e1ndares de calidad, tanto en el orden nacional, como internacional, para as\u00ed garantizar el mayor aprovechamiento de los beneficios de la planta de Cannabis.<\/p>\n<p style=\"text-align: justify;\">Ayudar al mejoramiento de la salud p\u00fablica e individual de los pacientes en Colombia y alrededor del mundo, por medio de un producto natural y seguro.<\/p>\n<p style=\"text-align: justify;\">A su vez la empresa utilizar\u00e1 su experticia y manejo futuro dentro de la comercializaci\u00f3n del cannabis medicinal a nivel nacional e internacionalmente, en la b\u00fasqueda a una soluci\u00f3n a problemas sociales y econ\u00f3micos de la comunidad, de los empresarios que en ella participen, los trabajadores o clientes internos, buscando siempre que el emprendimiento alcance los objetivos de rendimiento, productividad y rentabilidad en la inversi\u00f3n.<\/p>\n<p style=\"text-align: justify;\"><span><\/span><\/p>\n<p>[\/et_pb_text][\/et_pb_column][et_pb_column type=\u00bb2_5&#8243; _builder_version=\u00bb4.27.2&#8243; _module_preset=\u00bbdefault\u00bb global_colors_info=\u00bb{}\u00bb][et_pb_image src=\u00bbhttps:\/\/medicalextractos.com\/2024_nueva\/wp-content\/uploads\/2025\/02\/mision-y-vision-medical-extractos.png\u00bb title_text=\u00bbmision-y-vision-medical-extractos\u00bb _builder_version=\u00bb4.27.2&#8243; _module_preset=\u00bbdefault\u00bb custom_margin=\u00bb26px|||||\u00bb global_colors_info=\u00bb{}\u00bb][\/et_pb_image][\/et_pb_column][\/et_pb_row][et_pb_row column_structure=\u00bb1_2,1_2&#8243; _builder_version=\u00bb4.23.1&#8243; _module_preset=\u00bbdefault\u00bb custom_padding=\u00bb||4px|||\u00bb global_colors_info=\u00bb{}\u00bb][et_pb_column type=\u00bb1_2&#8243; _builder_version=\u00bb4.23.1&#8243; _module_preset=\u00bbdefault\u00bb global_colors_info=\u00bb{}\u00bb][et_pb_image src=\u00bbhttps:\/\/medicalextractos.com\/2024_nueva\/wp-content\/uploads\/2025\/02\/26_medicalextractos.jpeg\u00bb title_text=\u00bb26_,medicalextractos\u00bb align=\u00bbcenter\u00bb _builder_version=\u00bb4.27.2&#8243; _module_preset=\u00bbdefault\u00bb global_colors_info=\u00bb{}\u00bb][\/et_pb_image][\/et_pb_column][et_pb_column type=\u00bb1_2&#8243; _builder_version=\u00bb4.23.1&#8243; _module_preset=\u00bbdefault\u00bb global_colors_info=\u00bb{}\u00bb][et_pb_text _builder_version=\u00bb4.27.2&#8243; _module_preset=\u00bbdefault\u00bb text_font=\u00bb|800|||||||\u00bb text_text_color=\u00bb#48b3da\u00bb text_font_size=\u00bb17px\u00bb custom_margin=\u00bb23px||14px||false|false\u00bb global_colors_info=\u00bb{}\u00bb]<\/p>\n<p>NUESTRA<\/p>\n<p>[\/et_pb_text][et_pb_text _builder_version=\u00bb4.27.2&#8243; _module_preset=\u00bbdefault\u00bb text_font=\u00bb|800||on|||||\u00bb text_text_color=\u00bb#000000&#8243; text_font_size=\u00bb30px\u00bb custom_margin=\u00bb||14px||false|false\u00bb global_colors_info=\u00bb{}\u00bb]<\/p>\n<p>Visi\u00f3n<\/p>\n<p>[\/et_pb_text][et_pb_text _builder_version=\u00bb4.27.2&#8243; _module_preset=\u00bbdefault\u00bb text_font=\u00bb||||||||\u00bb text_text_color=\u00bb#6f7072&#8243; text_font_size=\u00bb18px\u00bb custom_margin=\u00bb1px||14px|5px|false|false\u00bb global_colors_info=\u00bb{}\u00bb]<\/p>\n<p style=\"text-align: justify;\"><span style=\"color: #000000;\">En <strong>MEDICAL EXTRACTOS S.A.S<\/strong>, queremos liderar el mercado nacional e internacional del Cannabis con excelencia y distinci\u00f3n. Nos proyectamos como la principal referencia en\u00a0 producci\u00f3n de Cannabis y sus derivados tanto Colombia como a nivel global en un plazo de 10 a\u00f1os.<\/span><\/p>\n<p style=\"text-align: justify;\"><span style=\"color: #000000;\">Nuestro deseo es impulsar el avance de la industria del Cannabis con innovaci\u00f3n, compromiso y calidad, contribuyendo as\u00ed al bienestar de las comunidades y al progreso de la ciencia y la salud.<\/span><\/p>\n<p><span><\/span><\/p>\n<p>[\/et_pb_text][\/et_pb_column][\/et_pb_row][\/et_pb_section]<\/p>\n","protected":false},"excerpt":{"rendered":"<p>MISI\u00d3N Y VISI\u00d3NNUESTRAMisi\u00f3nMEDICAL EXTRACTOS S.A.S tiene como misi\u00f3n, crear materias primas y productos basados en plantas de Cannabis. Ofrecer a nuestros clientes productos, con los m\u00e1s altos est\u00e1ndares de calidad, tanto en el orden nacional, como internacional, para as\u00ed garantizar el mayor aprovechamiento de los beneficios de la planta de Cannabis. Ayudar al mejoramiento de [&hellip;]<\/p>\n","protected":false},"author":1,"featured_media":0,"parent":0,"menu_order":0,"comment_status":"closed","ping_status":"closed","template":"","meta":{"_et_pb_use_builder":"on","_et_pb_old_content":"","_et_gb_content_width":"","_joinchat":[],"footnotes":""},"class_list":["post-176","page","type-page","status-publish","hentry"],"_links":{"self":[{"href":"https:\/\/medicalextractos.com\/2024_nueva\/wp-json\/wp\/v2\/pages\/176","targetHints":{"allow":["GET"]}}],"collection":[{"href":"https:\/\/medicalextractos.com\/2024_nueva\/wp-json\/wp\/v2\/pages"}],"about":[{"href":"https:\/\/medicalextractos.com\/2024_nueva\/wp-json\/wp\/v2\/types\/page"}],"author":[{"embeddable":true,"href":"https:\/\/medicalextractos.com\/2024_nueva\/wp-json\/wp\/v2\/users\/1"}],"replies":[{"embeddable":true,"href":"https:\/\/medicalextractos.com\/2024_nueva\/wp-json\/wp\/v2\/comments?post=176"}],"version-history":[{"count":32,"href":"https:\/\/medicalextractos.com\/2024_nueva\/wp-json\/wp\/v2\/pages\/176\/revisions"}],"predecessor-version":[{"id":1151,"href":"https:\/\/medicalextractos.com\/2024_nueva\/wp-json\/wp\/v2\/pages\/176\/revisions\/1151"}],"wp:attachment":[{"href":"https:\/\/medicalextractos.com\/2024_nueva\/wp-json\/wp\/v2\/media?parent=176"}],"curies":[{"name":"wp","href":"https:\/\/api.w.org\/{rel}","templated":true}]}}