{"id":1376,"date":"2025-04-04T15:19:01","date_gmt":"2025-04-04T15:19:01","guid":{"rendered":"https:\/\/medicalextractos.com\/2024_nueva\/?page_id=1376"},"modified":"2025-04-29T16:54:17","modified_gmt":"2025-04-29T16:54:17","slug":"fundacion-para-la-bondad-y-la-compasion-humana","status":"publish","type":"page","link":"https:\/\/medicalextractos.com\/2024_nueva\/fundacion-para-la-bondad-y-la-compasion-humana\/","title":{"rendered":"fundaci\u00f3n para la bondad  y la compasi\u00f3n humana"},"content":{"rendered":"<p>[et_pb_section fb_built=\u00bb1&#8243; _builder_version=\u00bb4.27.2&#8243; _module_preset=\u00bbdefault\u00bb background_color=\u00bbrgba(72,179,218,0.78)\u00bb background_image=\u00bbhttps:\/\/medicalextractos.com\/2024_nueva\/wp-content\/uploads\/2025\/04\/FHKC.ORG_.jpg\u00bb background_blend=\u00bbmultiply\u00bb custom_padding=\u00bb199px||199px||true|false\u00bb hover_enabled=\u00bb0&#8243; global_colors_info=\u00bb{}\u00bb title_text=\u00bbFHKC.ORG\u00bb sticky_enabled=\u00bb0&#8243;][et_pb_row _builder_version=\u00bb4.23.4&#8243; _module_preset=\u00bbdefault\u00bb global_colors_info=\u00bb{}\u00bb][et_pb_column type=\u00bb4_4&#8243; _builder_version=\u00bb4.23.4&#8243; _module_preset=\u00bbdefault\u00bb global_colors_info=\u00bb{}\u00bb][et_pb_text _builder_version=\u00bb4.27.2&#8243; _module_preset=\u00bbdefault\u00bb text_font=\u00bb|800||on|||||\u00bb text_text_color=\u00bb#FFFFFF\u00bb text_font_size=\u00bb60px\u00bb text_line_height=\u00bb1em\u00bb custom_margin=\u00bb||-2px|||\u00bb global_colors_info=\u00bb{}\u00bb]<\/p>\n<p style=\"text-align: center;\">Fundaci\u00f3n para la Bondad y la Compasi\u00f3n Humana<\/p>\n<p>[\/et_pb_text][\/et_pb_column][\/et_pb_row][\/et_pb_section][et_pb_section fb_built=\u00bb1&#8243; _builder_version=\u00bb4.27.2&#8243; _module_preset=\u00bbdefault\u00bb global_colors_info=\u00bb{}\u00bb][et_pb_row column_structure=\u00bb2_3,1_3&#8243; _builder_version=\u00bb4.27.2&#8243; _module_preset=\u00bbdefault\u00bb custom_padding=\u00bb||4px|||\u00bb global_colors_info=\u00bb{}\u00bb][et_pb_column type=\u00bb2_3&#8243; _builder_version=\u00bb4.23.1&#8243; _module_preset=\u00bbdefault\u00bb global_colors_info=\u00bb{}\u00bb][et_pb_text _builder_version=\u00bb4.27.2&#8243; _module_preset=\u00bbdefault\u00bb text_font=\u00bb|800|||||||\u00bb text_text_color=\u00bb#48b3da\u00bb text_font_size=\u00bb20px\u00bb custom_margin=\u00bb||14px|||\u00bb global_colors_info=\u00bb{}\u00bb]<\/p>\n<p>ALIADO COLOMBIA<\/p>\n<p>[\/et_pb_text][et_pb_text _builder_version=\u00bb4.27.2&#8243; _module_preset=\u00bbdefault\u00bb text_font=\u00bb|800||on|||||\u00bb text_text_color=\u00bb#000000&#8243; text_font_size=\u00bb35px\u00bb text_line_height=\u00bb1em\u00bb custom_margin=\u00bb-8px|||||\u00bb global_colors_info=\u00bb{}\u00bb]<\/p>\n<div class=\"et_pb_module et_pb_text et_pb_text_2  et_pb_text_align_left et_pb_bg_layout_light\">\n<div class=\"et_pb_text_inner\">\n<p>Fundaci\u00f3n para la Bondad y la Compasi\u00f3n Humana<\/p>\n<\/div>\n<\/div>\n<div class=\"et_pb_module et_pb_text et_pb_text_3  et_pb_text_align_justified et_pb_bg_layout_light\">\n<div class=\"et_pb_text_inner\"><\/div>\n<\/div>\n<p>[\/et_pb_text][et_pb_text _builder_version=\u00bb4.27.2&#8243; _module_preset=\u00bbdefault\u00bb text_font=\u00bb||||||||\u00bb text_text_color=\u00bb#000000&#8243; text_font_size=\u00bb18px\u00bb header_3_text_color=\u00bb#000000&#8243; header_3_font_size=\u00bb18px\u00bb custom_margin=\u00bb1px||14px|||\u00bb hover_enabled=\u00bb0&#8243; global_colors_info=\u00bb{}\u00bb sticky_enabled=\u00bb0&#8243;]<\/p>\n<h3 style=\"text-align: justify;\"><span style=\"font-size: 12.0pt; font-family: 'Trebuchet MS',sans-serif;\">Fundaci\u00f3n para la Bondad y la Compasi\u00f3n Humana: Una Alianza Estrat\u00e9gica con Medical Extractos<o:p><\/o:p><\/span><\/h3>\n<p style=\"text-align: justify;\"><span style=\"font-family: 'Trebuchet MS',sans-serif;\">En 2023, Medical Extractos y la <strong>Fundaci\u00f3n para la Bondad y la Compasi\u00f3n Humana<\/strong> unieron fuerzas para establecer una alianza estrat\u00e9gica basada en una visi\u00f3n compartida de contribuir al bienestar social y humano. Esta colaboraci\u00f3n ha permitido la creaci\u00f3n e implementaci\u00f3n de programas y actividades que impactan positivamente a las comunidades, fortaleciendo el compromiso de ambas organizaciones con el progreso social y el bienestar integral.<o:p><\/o:p><\/span><\/p>\n<p style=\"text-align: justify;\"><span style=\"font-family: 'Trebuchet MS',sans-serif;\">La sinergia entre Medical Extractos y la Fundaci\u00f3n ha enriquecido significativamente las iniciativas de ambas partes, integrando un enfoque de desarrollo humano y crecimiento, a trav\u00e9s de esta alianza, se quieren generar espacios de transformaci\u00f3n personal y comunitaria, promoviendo una cultura de compasi\u00f3n, empat\u00eda y evoluci\u00f3n consciente.<o:p><\/o:p><\/span><\/p>\n<h3 style=\"text-align: justify;\"><span style=\"font-size: 12.0pt; font-family: 'Trebuchet MS',sans-serif;\">Sobre la Fundaci\u00f3n para la Bondad y la Compasi\u00f3n Humana<o:p><\/o:p><\/span><\/h3>\n<p style=\"text-align: justify;\"><span style=\"font-family: 'Trebuchet MS',sans-serif;\">La <strong>Foundation for Human Kindness and Compassion (FHKC.ORG)<\/strong> es la organizaci\u00f3n de defensa espiritual y de paz de mayor crecimiento en Estados Unidos. Fundada en 2015 por Richard y Desiree Eckhouse, se ha consolidado como l\u00edder en la concientizaci\u00f3n p\u00fablica intuitiva y espiritual, as\u00ed como en la educaci\u00f3n y promoci\u00f3n de estos valores a nivel mundial.<o:p><\/o:p><\/span><\/p>\n<p style=\"text-align: justify;\"><span style=\"font-family: 'Trebuchet MS',sans-serif;\">FHKC.ORG es una organizaci\u00f3n sin fines de lucro 501(c)(3) cuya misi\u00f3n es proporcionar a las personas las herramientas necesarias para alcanzar su m\u00e1ximo potencial humano y convertirse en verdaderos mentores y socios en el universo. A trav\u00e9s de su innovadora herramienta <strong>ACCESS<\/strong>, capacitan a las personas para ser miembros activos y positivos en sus comunidades, logrando vidas m\u00e1s plenas y satisfactorias.<o:p><\/o:p><\/span><\/p>\n<p style=\"text-align: justify;\"><span style=\"font-family: 'Trebuchet MS',sans-serif;\">La Fundaci\u00f3n ofrece una amplia gama de programas y recursos enfocados en el crecimiento personal y el desarrollo espiritual, incluidos talleres, materiales educativos y eventos comunitarios sobre sanaci\u00f3n intuitiva, mindfulness y vida consciente. Adem\u00e1s, participan activamente en iniciativas de concientizaci\u00f3n p\u00fablica para promover la compasi\u00f3n, la paz y el bienestar espiritual a nivel global.<\/p>\n<p><b>Un Prop\u00f3sito Compartido<\/b><br \/>\nEsta alianza estrat\u00e9gica con Medical Extractos no solo refuerza el compromiso de ambas organizaciones con el bienestar social, sino que tambi\u00e9n impulsa un cambio positivo y duradero, creando mejores vidas para las personas, sus familias y la comunidad en su conjunto.<br \/>\n<o:p><\/o:p><\/span><\/p>\n<p>[\/et_pb_text][\/et_pb_column][et_pb_column type=\u00bb1_3&#8243; _builder_version=\u00bb4.23.1&#8243; _module_preset=\u00bbdefault\u00bb global_colors_info=\u00bb{}\u00bb][et_pb_image src=\u00bbhttps:\/\/medicalextractos.com\/2024_nueva\/wp-content\/uploads\/2025\/04\/FUNDACION-PARA-LA-BONDAD-Y-LA-COMPASION-HUMANA.png\u00bb title_text=\u00bbFUNDACI\u00d3N-PARA-LA-BONDAD-Y-LA-COMPASI\u00d3N-HUMANA\u00bb align=\u00bbcenter\u00bb _builder_version=\u00bb4.27.2&#8243; _module_preset=\u00bbdefault\u00bb width_tablet=\u00bb38%\u00bb width_phone=\u00bb65%\u00bb width_last_edited=\u00bbon|desktop\u00bb custom_margin=\u00bb||29px|||\u00bb global_colors_info=\u00bb{}\u00bb][\/et_pb_image][et_pb_button button_url=\u00bbhttps:\/\/medicalextractos.com\/2024_nueva\/fundacion-para-la-bondad-y-la-compasion-humana\/\u00bb button_text=\u00bbIr al sitio web\u00bb button_alignment=\u00bbcenter\u00bb _builder_version=\u00bb4.27.2&#8243; _module_preset=\u00bbdefault\u00bb custom_button=\u00bbon\u00bb button_text_color=\u00bb#FFFFFF\u00bb button_bg_color=\u00bb#48b3da\u00bb button_border_color=\u00bb#48b3da\u00bb button_border_radius=\u00bb16px\u00bb button_font=\u00bb|800|||||||\u00bb button_icon=\u00bb&#x45;||divi||400&#8243; custom_margin=\u00bb13px|||||\u00bb global_colors_info=\u00bb{}\u00bb button_bg_color__hover_enabled=\u00bbon|hover\u00bb button_bg_color__hover=\u00bb#FFFFFF\u00bb button_bg_enable_color__hover=\u00bbon\u00bb button_text_color__hover_enabled=\u00bbon|desktop\u00bb button_text_color__hover=\u00bb#48b3da\u00bb][\/et_pb_button][\/et_pb_column][\/et_pb_row][\/et_pb_section]<\/p>\n","protected":false},"excerpt":{"rendered":"<p>Fundaci\u00f3n para la Bondad y la Compasi\u00f3n HumanaALIADO COLOMBIA Fundaci\u00f3n para la Bondad y la Compasi\u00f3n Humana Fundaci\u00f3n para la Bondad y la Compasi\u00f3n Humana: Una Alianza Estrat\u00e9gica con Medical Extractos En 2023, Medical Extractos y la Fundaci\u00f3n para la Bondad y la Compasi\u00f3n Humana unieron fuerzas para establecer una alianza estrat\u00e9gica basada en una [&hellip;]<\/p>\n","protected":false},"author":1,"featured_media":0,"parent":0,"menu_order":0,"comment_status":"closed","ping_status":"closed","template":"","meta":{"_et_pb_use_builder":"on","_et_pb_old_content":"","_et_gb_content_width":"","_joinchat":[],"footnotes":""},"class_list":["post-1376","page","type-page","status-publish","hentry"],"_links":{"self":[{"href":"https:\/\/medicalextractos.com\/2024_nueva\/wp-json\/wp\/v2\/pages\/1376","targetHints":{"allow":["GET"]}}],"collection":[{"href":"https:\/\/medicalextractos.com\/2024_nueva\/wp-json\/wp\/v2\/pages"}],"about":[{"href":"https:\/\/medicalextractos.com\/2024_nueva\/wp-json\/wp\/v2\/types\/page"}],"author":[{"embeddable":true,"href":"https:\/\/medicalextractos.com\/2024_nueva\/wp-json\/wp\/v2\/users\/1"}],"replies":[{"embeddable":true,"href":"https:\/\/medicalextractos.com\/2024_nueva\/wp-json\/wp\/v2\/comments?post=1376"}],"version-history":[{"count":8,"href":"https:\/\/medicalextractos.com\/2024_nueva\/wp-json\/wp\/v2\/pages\/1376\/revisions"}],"predecessor-version":[{"id":1493,"href":"https:\/\/medicalextractos.com\/2024_nueva\/wp-json\/wp\/v2\/pages\/1376\/revisions\/1493"}],"wp:attachment":[{"href":"https:\/\/medicalextractos.com\/2024_nueva\/wp-json\/wp\/v2\/media?parent=1376"}],"curies":[{"name":"wp","href":"https:\/\/api.w.org\/{rel}","templated":true}]}}